{"id":2051,"date":"2023-01-30T11:08:02","date_gmt":"2023-01-30T11:08:02","guid":{"rendered":"http:\/\/alpha.scadasoft.com.185-178-193-44.225.hosttech.eu\/dienstleistungen"},"modified":"2023-10-06T17:01:26","modified_gmt":"2023-10-06T16:01:26","slug":"services","status":"publish","type":"page","link":"https:\/\/scadasoft.com\/de\/services","title":{"rendered":"Dienstleistungen"},"content":{"rendered":"\t\t<div data-elementor-type=\"wp-page\" data-elementor-id=\"2051\" class=\"elementor elementor-2051 elementor-1335\">\n\t\t\t\t\t\t<section class=\"elementor-section elementor-top-section elementor-element elementor-element-1a68ea1 elementor-section-boxed elementor-section-height-default elementor-section-height-default\" data-id=\"1a68ea1\" data-element_type=\"section\">\n\t\t\t\t\t\t<div class=\"elementor-container elementor-column-gap-default\">\n\t\t\t\t\t<div class=\"elementor-column elementor-col-100 elementor-top-column elementor-element elementor-element-a74dec3\" data-id=\"a74dec3\" data-element_type=\"column\">\n\t\t\t<div class=\"elementor-widget-wrap\">\n\t\t\t\t\t\t\t<\/div>\n\t\t<\/div>\n\t\t\t\t\t<\/div>\n\t\t<\/section>\n\t\t\t\t<section class=\"elementor-section elementor-top-section elementor-element elementor-element-68ae9b8 elementor-section-boxed elementor-section-height-default elementor-section-height-default\" data-id=\"68ae9b8\" data-element_type=\"section\">\n\t\t\t\t\t\t<div class=\"elementor-container elementor-column-gap-default\">\n\t\t\t\t\t<div class=\"elementor-column elementor-col-100 elementor-top-column elementor-element elementor-element-5f1cacb\" data-id=\"5f1cacb\" data-element_type=\"column\">\n\t\t\t<div class=\"elementor-widget-wrap elementor-element-populated\">\n\t\t\t\t\t\t<div class=\"elementor-element elementor-element-75e4aba7 elementor-widget elementor-widget-notech-about\" data-id=\"75e4aba7\" data-element_type=\"widget\" id=\"Only\" data-widget_type=\"notech-about.default\">\n\t\t\t\t<div class=\"elementor-widget-container\">\n\t\t\t\t\t\t<!--Tech Services Start-->\n\t<section class=\"tech-services\">\n\t\t<div class=\"container\">\n\t\t\t<div class=\"row\">\n\t\t\t\t<div class=\"col-xl-6\">\n\t\t\t\t\t<div class=\"tech-services__left\">\n\t\t\t\t\t\t<div class=\"tech-services__img-box wow slideInLeft\" data-wow-delay=\"100ms\" data-wow-duration=\"2500ms\">\n\t\t\t\t\t\t\t\t\t\t\t\t\t\t\t<div class=\"tech-services__img\">\n\t\t\t\t\t\t\t\t\t<img decoding=\"async\" src=\"https:\/\/scadasoft.com\/wp-content\/uploads\/2023\/10\/convert-to-pcvue-2.png\" alt=\"\">\n\t\t\t\t\t\t\t\t<\/div>\n\t\t\t\t\t\t\t\t\t\t\t\t\t\t<div class=\"tech-services__img-content\">\n\t\t\t\t\t\t\t\t<p class=\"tech-services__img-text\"><\/p>\n\t\t\t\t\t\t\t\t\t\t\t\t\t\t\t\t\t<div class=\"tech-services__learn-more\">\n\t\t\t\t\t\t\t\t\t\t<a   href=\"mailto:%20info@scadasoft.com%20?%20Subject%20=%20Application%20Conversion%20Quotation\">Lernen Sie mehr<i class=\"fa fa-long-arrow-alt-right\"><\/i><\/a>\n\t\t\t\t\t\t\t\t\t<\/div>\n\t\t\t\t\t\t\t\t\t\t\t\t\t\t\t<\/div>\n\t\t\t\t\t\t<\/div>\n\t\t\t\t\t<\/div>\n\t\t\t\t<\/div>\n\t\t\t\t<div class=\"col-xl-6\">\n\t\t\t\t\t<div class=\"tech-services__right\">\n\t\t\t\t\t\t<div class=\"section-title text-left\">\n\t\t\t\t\t\t\t\t\t\t\t\t\t\t\t<div class=\"section-title__tagline-box\">\n\t\t\t\t\t\t\t\t\t<span class=\"section-title__tagline\">SCADA Smart Converter<\/span>\n\t\t\t\t\t\t\t\t\t\t\t\t\t\t\t\t\t<\/div>\n\t\t\t\t\t\t\t\t\t\t\t\t\t\t\t\t\t\t\t\t\t\t<h2 class=\"section-title__title\">Ein klarer, einfacher und transparenter Ablauf\n<\/h2>\n\t\t\t\t\t\t\t\t\t\t\t\t\t<\/div>\n\t\t\t\t\t\t\t\t\t\t\t\t\t<p class=\"tech-services__text\">Die Konvertierung von SCADA-Anwendungen mit SCADA SOFT ist ein gemeinschaftlicher und umfassender Prozess. F\u00fcr viele Unternehmen kann die Aussicht auf eine vollst\u00e4ndige \u00dcberarbeitung ihrer SCADA-Anwendungen jedoch ein entmutigendes und kostspieliges Unterfangen sein. Hier kommt SCADA SOFT ins Spiel und bietet Ihnen eine transformative Reise, die Ihre bestehenden Systeme wiederbelebt, anstatt sie vollst\u00e4ndig zu ersetzen. Im Folgenden erfahren Sie, wie wir Ihr bestehendes System Schritt f\u00fcr Schritt in eine hochmoderne L\u00f6sung verwandeln:\n\n<\/p>\n\t\t\t\t\t\t\t\t\t\t\t\t\t\t\t\t\t\t\t<ul class=\"list-unstyled tech-services__points ml-0\">\n\t\t\t\t\t\t\t\t\t\t\t\t\t\t\t<\/ul>\n\t\t\t\t\t\t\t\t\t\t\t<\/div>\n\t\t\t\t<\/div>\n\t\t\t<\/div>\n\t\t<\/div>\n\t<\/section>\n\t<!--Tech Services End-->\n\n\t\t\t\t<\/div>\n\t\t\t\t<\/div>\n\t\t\t\t<div class=\"elementor-element elementor-element-1e2652c elementor-widget elementor-widget-toggle\" data-id=\"1e2652c\" data-element_type=\"widget\" data-widget_type=\"toggle.default\">\n\t\t\t\t<div class=\"elementor-widget-container\">\n\t\t\t\t\t\t\t<div class=\"elementor-toggle\">\n\t\t\t\t\t\t\t<div class=\"elementor-toggle-item\">\n\t\t\t\t\t<div id=\"elementor-tab-title-3161\" class=\"elementor-tab-title\" data-tab=\"1\" role=\"button\" aria-controls=\"elementor-tab-content-3161\" aria-expanded=\"false\">\n\t\t\t\t\t\t\t\t\t\t\t\t<span class=\"elementor-toggle-icon elementor-toggle-icon-left\" aria-hidden=\"true\">\n\t\t\t\t\t\t\t\t\t\t\t\t\t\t\t<span class=\"elementor-toggle-icon-closed\"><i class=\"fas fa-caret-right\"><\/i><\/span>\n\t\t\t\t\t\t\t\t<span class=\"elementor-toggle-icon-opened\"><i class=\"elementor-toggle-icon-opened fas fa-caret-up\"><\/i><\/span>\n\t\t\t\t\t\t\t\t\t\t\t\t\t<\/span>\n\t\t\t\t\t\t\t\t\t\t\t\t<a class=\"elementor-toggle-title\" tabindex=\"0\">1. Vertraulichkeit zuerst - Unterzeichnen Sie ein NDA  \u00a0<\/a>\n\t\t\t\t\t<\/div>\n\n\t\t\t\t\t<div id=\"elementor-tab-content-3161\" class=\"elementor-tab-content elementor-clearfix\" data-tab=\"1\" role=\"region\" aria-labelledby=\"elementor-tab-title-3161\"><p>Unsere Reise beginnt mit gegenseitigem Vertrauen. Die Sicherheit Ihrer Daten und Ideen hat f\u00fcr uns oberste Priorit\u00e4t. Um die Vertraulichkeit zu gew\u00e4hrleisten, unterzeichnen wir zun\u00e4chst eine Geheimhaltungsvereinbarung (Non-Disclosure Agreement, NDA). Ihre Informationen sind bei uns sicher.<\/p><\/div>\n\t\t\t\t<\/div>\n\t\t\t\t\t\t\t<div class=\"elementor-toggle-item\">\n\t\t\t\t\t<div id=\"elementor-tab-title-3162\" class=\"elementor-tab-title\" data-tab=\"2\" role=\"button\" aria-controls=\"elementor-tab-content-3162\" aria-expanded=\"false\">\n\t\t\t\t\t\t\t\t\t\t\t\t<span class=\"elementor-toggle-icon elementor-toggle-icon-left\" aria-hidden=\"true\">\n\t\t\t\t\t\t\t\t\t\t\t\t\t\t\t<span class=\"elementor-toggle-icon-closed\"><i class=\"fas fa-caret-right\"><\/i><\/span>\n\t\t\t\t\t\t\t\t<span class=\"elementor-toggle-icon-opened\"><i class=\"elementor-toggle-icon-opened fas fa-caret-up\"><\/i><\/span>\n\t\t\t\t\t\t\t\t\t\t\t\t\t<\/span>\n\t\t\t\t\t\t\t\t\t\t\t\t<a class=\"elementor-toggle-title\" tabindex=\"0\">2. Kostenloses Audit Ihrer alten Anwendung \u00a0<\/a>\n\t\t\t\t\t<\/div>\n\n\t\t\t\t\t<div id=\"elementor-tab-content-3162\" class=\"elementor-tab-content elementor-clearfix\" data-tab=\"2\" role=\"region\" aria-labelledby=\"elementor-tab-title-3162\"><p>Nach Abschluss des NDA tauchen wir in das Herz Ihrer bestehenden SCADA-Anwendung ein. Unsere Experten f\u00fchren eine sorgf\u00e4ltige und gr\u00fcndliche automatische Bewertung durch, bei der jede Facette Ihres Systems untersucht wird. Diese Bewertung ist v\u00f6llig kostenlos. Sie ist unser Weg, Ihre einzigartigen Bed\u00fcrfnisse und Herausforderungen zu verstehen.<\/p><p>\u00a0<\/p><\/div>\n\t\t\t\t<\/div>\n\t\t\t\t\t\t\t<div class=\"elementor-toggle-item\">\n\t\t\t\t\t<div id=\"elementor-tab-title-3163\" class=\"elementor-tab-title\" data-tab=\"3\" role=\"button\" aria-controls=\"elementor-tab-content-3163\" aria-expanded=\"false\">\n\t\t\t\t\t\t\t\t\t\t\t\t<span class=\"elementor-toggle-icon elementor-toggle-icon-left\" aria-hidden=\"true\">\n\t\t\t\t\t\t\t\t\t\t\t\t\t\t\t<span class=\"elementor-toggle-icon-closed\"><i class=\"fas fa-caret-right\"><\/i><\/span>\n\t\t\t\t\t\t\t\t<span class=\"elementor-toggle-icon-opened\"><i class=\"elementor-toggle-icon-opened fas fa-caret-up\"><\/i><\/span>\n\t\t\t\t\t\t\t\t\t\t\t\t\t<\/span>\n\t\t\t\t\t\t\t\t\t\t\t\t<a class=\"elementor-toggle-title\" tabindex=\"0\">3. Massgeschneidertes Angebot<\/a>\n\t\t\t\t\t<\/div>\n\n\t\t\t\t\t<div id=\"elementor-tab-content-3163\" class=\"elementor-tab-content elementor-clearfix\" data-tab=\"3\" role=\"region\" aria-labelledby=\"elementor-tab-title-3163\"><p>Sobald wir die Feinheiten Ihrer bestehenden Anwendung verstanden haben, unterbreiten wir Ihnen ein detailliertes Angebot. In diesem umfassenden Angebot wird der Arbeitsumfang, der Zeitplan und die Kosten f\u00fcr den Umstellungsprozess dargelegt. Wir arbeiten eng mit Ihnen zusammen, um sicherzustellen, dass jeder Aspekt mit Ihren Zielen \u00fcbereinstimmt.<\/p><\/div>\n\t\t\t\t<\/div>\n\t\t\t\t\t\t\t<div class=\"elementor-toggle-item\">\n\t\t\t\t\t<div id=\"elementor-tab-title-3164\" class=\"elementor-tab-title\" data-tab=\"4\" role=\"button\" aria-controls=\"elementor-tab-content-3164\" aria-expanded=\"false\">\n\t\t\t\t\t\t\t\t\t\t\t\t<span class=\"elementor-toggle-icon elementor-toggle-icon-left\" aria-hidden=\"true\">\n\t\t\t\t\t\t\t\t\t\t\t\t\t\t\t<span class=\"elementor-toggle-icon-closed\"><i class=\"fas fa-caret-right\"><\/i><\/span>\n\t\t\t\t\t\t\t\t<span class=\"elementor-toggle-icon-opened\"><i class=\"elementor-toggle-icon-opened fas fa-caret-up\"><\/i><\/span>\n\t\t\t\t\t\t\t\t\t\t\t\t\t<\/span>\n\t\t\t\t\t\t\t\t\t\t\t\t<a class=\"elementor-toggle-title\" tabindex=\"0\">4. Konvertierung und automatisierte Tests<\/a>\n\t\t\t\t\t<\/div>\n\n\t\t\t\t\t<div id=\"elementor-tab-content-3164\" class=\"elementor-tab-content elementor-clearfix\" data-tab=\"4\" role=\"region\" aria-labelledby=\"elementor-tab-title-3164\"><p>Sobald Sie mit dem Angebot einverstanden sind, setzen wir die R\u00e4der in Bewegung. Unser Team wandelt Ihre bestehende Anwendung sorgf\u00e4ltig in ein modernes Meisterwerk um und setzt dabei die neuesten Technologien und Best Practices ein. W\u00e4hrend dieser Phase f\u00fchren wir automatisierte Tests durch, um die Zuverl\u00e4ssigkeit und Funktionalit\u00e4t des neuen Systems zu gew\u00e4hrleisten.<\/p><\/div>\n\t\t\t\t<\/div>\n\t\t\t\t\t\t\t<div class=\"elementor-toggle-item\">\n\t\t\t\t\t<div id=\"elementor-tab-title-3165\" class=\"elementor-tab-title\" data-tab=\"5\" role=\"button\" aria-controls=\"elementor-tab-content-3165\" aria-expanded=\"false\">\n\t\t\t\t\t\t\t\t\t\t\t\t<span class=\"elementor-toggle-icon elementor-toggle-icon-left\" aria-hidden=\"true\">\n\t\t\t\t\t\t\t\t\t\t\t\t\t\t\t<span class=\"elementor-toggle-icon-closed\"><i class=\"fas fa-caret-right\"><\/i><\/span>\n\t\t\t\t\t\t\t\t<span class=\"elementor-toggle-icon-opened\"><i class=\"elementor-toggle-icon-opened fas fa-caret-up\"><\/i><\/span>\n\t\t\t\t\t\t\t\t\t\t\t\t\t<\/span>\n\t\t\t\t\t\t\t\t\t\t\t\t<a class=\"elementor-toggle-title\" tabindex=\"0\">5. \u00dcbergabe der Anwendung zur Bewertung<\/a>\n\t\t\t\t\t<\/div>\n\n\t\t\t\t\t<div id=\"elementor-tab-content-3165\" class=\"elementor-tab-content elementor-clearfix\" data-tab=\"5\" role=\"region\" aria-labelledby=\"elementor-tab-title-3165\"><p>Qualit\u00e4t ist unser Markenzeichen. Vor der Fertigstellung liefern wir Ihnen die konvertierte Anwendung zum Testen und Bewerten. In dieser praktischen Phase k\u00f6nnen Sie die neuen Merkmale und Funktionen erkunden. Sollte ein Teil zus\u00e4tzliche Aufmerksamkeit erfordern, arbeiten wir zusammen, um effektive L\u00f6sungen zu finden.<\/p><\/div>\n\t\t\t\t<\/div>\n\t\t\t\t\t\t\t<div class=\"elementor-toggle-item\">\n\t\t\t\t\t<div id=\"elementor-tab-title-3166\" class=\"elementor-tab-title\" data-tab=\"6\" role=\"button\" aria-controls=\"elementor-tab-content-3166\" aria-expanded=\"false\">\n\t\t\t\t\t\t\t\t\t\t\t\t<span class=\"elementor-toggle-icon elementor-toggle-icon-left\" aria-hidden=\"true\">\n\t\t\t\t\t\t\t\t\t\t\t\t\t\t\t<span class=\"elementor-toggle-icon-closed\"><i class=\"fas fa-caret-right\"><\/i><\/span>\n\t\t\t\t\t\t\t\t<span class=\"elementor-toggle-icon-opened\"><i class=\"elementor-toggle-icon-opened fas fa-caret-up\"><\/i><\/span>\n\t\t\t\t\t\t\t\t\t\t\t\t\t<\/span>\n\t\t\t\t\t\t\t\t\t\t\t\t<a class=\"elementor-toggle-title\" tabindex=\"0\">6. Neuinstallation und endg\u00fcltige Inbetriebnahme.<\/a>\n\t\t\t\t\t<\/div>\n\n\t\t\t\t\t<div id=\"elementor-tab-content-3166\" class=\"elementor-tab-content elementor-clearfix\" data-tab=\"6\" role=\"region\" aria-labelledby=\"elementor-tab-title-3166\"><p>Nachdem Ihr Feedback eingearbeitet wurde, k\u00f6nnen Sie die verbesserte Anwendung erneut installieren. Diese Installation ist nahtlos und minimiert die Ausfallzeiten. Schlie\u00dflich f\u00fchren Sie die endg\u00fcltige Inbetriebnahme durch, um sicherzustellen, dass Ihr SCADA-System optimal funktioniert.<\/p><\/div>\n\t\t\t\t<\/div>\n\t\t\t\t\t\t\t\t<\/div>\n\t\t\t\t\t\t<\/div>\n\t\t\t\t<\/div>\n\t\t\t\t\t<\/div>\n\t\t<\/div>\n\t\t\t\t\t<\/div>\n\t\t<\/section>\n\t\t\t\t<section class=\"elementor-section elementor-top-section elementor-element elementor-element-40b30983 elementor-section-full_width elementor-section-height-default elementor-section-height-default\" data-id=\"40b30983\" data-element_type=\"section\">\n\t\t\t\t\t\t<div class=\"elementor-container elementor-column-gap-no\">\n\t\t\t\t\t<div class=\"elementor-column elementor-col-100 elementor-top-column elementor-element elementor-element-89a4984\" data-id=\"89a4984\" data-element_type=\"column\">\n\t\t\t<div class=\"elementor-widget-wrap elementor-element-populated\">\n\t\t\t\t\t\t<div class=\"elementor-element elementor-element-3c1853d8 elementor-widget elementor-widget-notech-about\" data-id=\"3c1853d8\" data-element_type=\"widget\" id=\"convert\" data-widget_type=\"notech-about.default\">\n\t\t\t\t<div class=\"elementor-widget-container\">\n\t\t\t\t\t\t<!--Get To Know Start-->\n\t<section class=\"get-to-know\">\n\t\t<div class=\"container\">\n\t\t\t<div class=\"row\">\n\t\t\t\t<div class=\"col-xl-6\">\n\t\t\t\t\t<div class=\"get-to-know__left wow slideInLeft\" data-wow-delay=\"100ms\" data-wow-duration=\"2500ms\">\n\t\t\t\t\t\t<div class=\"get-to-know__img-box\">\n\t\t\t\t\t\t\t\t\t\t\t\t\t\t\t<div class=\"get-to-know__img\">\n\t\t\t\t\t\t\t\t\t<img decoding=\"async\" src=\"https:\/\/scadasoft.com\/wp-content\/uploads\/2023\/09\/No-surprise.png\" alt=\"\">\n\t\t\t\t\t\t\t\t<\/div>\n\t\t\t\t\t\t\t                            \t\t\t\t\t\t\t                            \t\t\t\t\t\t\t\t\t\t\t\t\t\t\t<div class=\"get-to-know-shape-1\"><img decoding=\"async\" src=\"https:\/\/layerdrops.com\/notechwp\/wp-content\/uploads\/2022\/04\/get-to-know-shape-1.png\" alt=\"\"><\/div>\n\t\t\t\t\t\t\t\t\t\t\t\t\t<\/div>\n\t\t\t\t\t<\/div>\n\t\t\t\t<\/div>\n\t\t\t\t<div class=\"col-xl-6\">\n\t\t\t\t\t<div class=\"get-to-know__right\">\n\t\t\t\t\t\t<div class=\"section-title text-left\">\n\t\t\t\t\t\t\t\t\t\t\t\t\t\t\t<div class=\"section-title__tagline-box\">\n\t\t\t\t\t\t\t\t\t<span class=\"section-title__tagline\">Das magische Werkzeug<\/span>\n\t\t\t\t\t\t\t\t\t\t\t\t\t\t\t\t\t\t\t<div class=\"section-title-shape\">\n\t\t\t\t\t\t\t\t\t\t\t<img decoding=\"async\" src=\"https:\/\/layerdrops.com\/notechwp\/wp-content\/uploads\/2022\/04\/sec-shape-1-1.png\" alt=\"\">\n\t\t\t\t\t\t\t\t\t\t<\/div>\n\t\t\t\t\t\t\t\t\t\t\t\t\t\t\t\t\t<\/div>\n\t\t\t\t\t\t\t\t\t\t\t\t\t\t\t\t\t\t\t\t\t\t<h2 class=\"section-title__title\">Sie wissen genau, was Sie bekommen werden!<\/h2>\n\t\t\t\t\t\t\t\t\t\t\t\t\t<\/div>\n\t\t\t\t\t\t\t\t\t\t\t\t\t<p class=\"get-to-know__text\">Durch unsere umfassende Bewertungsphase erhalten Sie ein kristallklares Verst\u00e4ndnis davon, was Sie erwarten k\u00f6nnen. Am Ende der Bewertungsphase zeigt Ihnen SCADA SOFT bereits einen Teil Ihrer Anwendung, die mit dem neuen SCADA-System l\u00e4uft. Diese detaillierte Analyse zeigt genau auf, welche Elemente nahtlos in das neue System \u00fcbergehen werden, identifiziert Bereiche, die m\u00f6glicherweise \u00dcberarbeitungen oder innovative Workarounds erfordern, und hebt alle Komponenten hervor, die, auch wenn sie nur selten vorkommen, m\u00f6glicherweise \u00fcberhaupt nicht migriert werden.<\/p>\n\t\t\t\t\t\t\t\t\t\t\t\t\t\t\t\t\t\t\t<ul class=\"list-unstyled get-to-know__points ml-0\">\n\t\t\t\t\t\t\t\t\t\t\t\t\t\t\t<\/ul>\n\t\t\t\t\t\t\t\t\t\t\t\t<div class=\"get-to-know__it-solutions\">\n\t\t\t\t\t\t\t<div class=\"get-to-know__it-solutions-icon icon-svg-large\">\n\t\t\t\t\t\t\t\t\t\t\t\t\t\t\t<\/div>\n\t\t\t\t\t\t\t<div class=\"get-to-know__it-solutions-text-box\">\n\t\t\t\t\t\t\t\t<p class=\"get-to-know__it-solutions-text\">\n\n<\/p>\n\t\t\t\t\t\t\t<\/div>\n\t\t\t\t\t\t<\/div>\n\t\t\t\t\t\t\t\t\t\t\t\t<a   href=\"mailto:info@scadasoft.com%20?subject=SCADA%20SOFT%20Migration%20:%20try%20it%20!%20\" class=\"get-to-know__btn thm-btn\">Probieren Sie es aus!<\/a>\n                        \n\t\t\t\t\t<\/div>\n\t\t\t\t<\/div>\n\t\t\t<\/div>\n\t\t<\/div>\n\t<\/section>\n\t<!--Get To Know End-->\n\t\t\t\t<\/div>\n\t\t\t\t<\/div>\n\t\t\t\t<div class=\"elementor-element elementor-element-462d7126 elementor-widget elementor-widget-notech-about\" data-id=\"462d7126\" data-element_type=\"widget\" id=\"simple\" data-widget_type=\"notech-about.default\">\n\t\t\t\t<div class=\"elementor-widget-container\">\n\t\t\t\t\t\t<!--Get To Know Start-->\n\t<section class=\"get-to-know\">\n\t\t<div class=\"container\">\n\t\t\t<div class=\"row\">\n\t\t\t\t<div class=\"col-xl-6\">\n\t\t\t\t\t<div class=\"get-to-know__left wow slideInLeft\" data-wow-delay=\"100ms\" data-wow-duration=\"2500ms\">\n\t\t\t\t\t\t<div class=\"get-to-know__img-box\">\n\t\t\t\t\t\t\t\t\t\t\t\t\t\t\t<div class=\"get-to-know__img\">\n\t\t\t\t\t\t\t\t\t<img decoding=\"async\" src=\"https:\/\/scadasoft.com\/wp-content\/uploads\/2023\/09\/ecran-pcvue.jpg\" alt=\"\">\n\t\t\t\t\t\t\t\t<\/div>\n\t\t\t\t\t\t\t                            \t\t\t\t\t\t\t                            \t\t\t\t\t\t\t\t\t\t\t\t\t\t\t<div class=\"get-to-know-shape-1\"><img decoding=\"async\" src=\"https:\/\/layerdrops.com\/notechwp\/wp-content\/uploads\/2022\/04\/get-to-know-shape-1.png\" alt=\"\"><\/div>\n\t\t\t\t\t\t\t\t\t\t\t\t\t<\/div>\n\t\t\t\t\t<\/div>\n\t\t\t\t<\/div>\n\t\t\t\t<div class=\"col-xl-6\">\n\t\t\t\t\t<div class=\"get-to-know__right\">\n\t\t\t\t\t\t<div class=\"section-title text-left\">\n\t\t\t\t\t\t\t\t\t\t\t\t\t\t\t<div class=\"section-title__tagline-box\">\n\t\t\t\t\t\t\t\t\t<span class=\"section-title__tagline\">Habe ich Anspruch auf das SCADA SOFT-Serviceprogramm?<\/span>\n\t\t\t\t\t\t\t\t\t\t\t\t\t\t\t\t\t\t\t<div class=\"section-title-shape\">\n\t\t\t\t\t\t\t\t\t\t\t<img decoding=\"async\" src=\"https:\/\/layerdrops.com\/notechwp\/wp-content\/uploads\/2022\/04\/sec-shape-1-1.png\" alt=\"\">\n\t\t\t\t\t\t\t\t\t\t<\/div>\n\t\t\t\t\t\t\t\t\t\t\t\t\t\t\t\t\t<\/div>\n\t\t\t\t\t\t\t\t\t\t\t\t\t\t\t\t\t\t\t\t\t\t<h2 class=\"section-title__title\">PcVue: Die ultimative SCADA-L\u00f6sung<\/h2>\n\t\t\t\t\t\t\t\t\t\t\t\t\t<\/div>\n\t\t\t\t\t\t\t\t\t\t\t\t\t<p class=\"get-to-know__text\">PcVue ist das Ergebnis von mehr als 35 Jahren Erfahrung mit \u00dcberwachungs- und Steuerungssoftware. Mit der PcVue-Plattform k\u00f6nnen Sie neue Anwendungen entwickeln und die Migration von fr\u00fcheren Systemen unterst\u00fctzen und dabei ein H\u00f6chstma\u00df an Produktivit\u00e4t und Innovation erreichen. PcVue macht sich die neuesten Technologien zunutze und erm\u00f6glicht es Ihnen, die Steuerung Ihrer Prozesse zu optimieren. Dar\u00fcber hinaus ist es mit effektiven Funktionen ausgestattet, um ein zuverl\u00e4ssiges, offenes System mit begrenzten Entwicklungskosten und modernstem UX-Design einzurichten. Es basiert auf den neuesten Technologien und verf\u00fcgt \u00fcber eine innovative Web- und mobile HTML5-Plattform auf Basis der Easy Mobile Technology, die von Arc Informatique speziell f\u00fcr eine sichere und einfache Bereitstellung entwickelt wurde.\n\n\n \n \n<\/p>\n\t\t\t\t\t\t\t\t\t\t\t\t\t\t\t\t\t\t\t<ul class=\"list-unstyled get-to-know__points ml-0\">\n\t\t\t\t\t\t\t\t\t\t\t\t\t\t\t<\/ul>\n\t\t\t\t\t\t\t\t\t\t\t\t<div class=\"get-to-know__it-solutions\">\n\t\t\t\t\t\t\t<div class=\"get-to-know__it-solutions-icon icon-svg-large\">\n\t\t\t\t\t\t\t\t\t\t\t\t\t\t\t<\/div>\n\t\t\t\t\t\t\t<div class=\"get-to-know__it-solutions-text-box\">\n\t\t\t\t\t\t\t\t<p class=\"get-to-know__it-solutions-text\">\n\n<\/p>\n\t\t\t\t\t\t\t<\/div>\n\t\t\t\t\t\t<\/div>\n\t\t\t\t\t\t\t\t\t\t\t\t<a   href=\"mailto:contact@scadasoft.com%20?subject=SCADA%20SOFT%20Service%20Program%20elligible%20?\" class=\"get-to-know__btn thm-btn\"> Steigen Sie ein!<\/a>\n                        \n\t\t\t\t\t<\/div>\n\t\t\t\t<\/div>\n\t\t\t<\/div>\n\t\t<\/div>\n\t<\/section>\n\t<!--Get To Know End-->\n\t\t\t\t<\/div>\n\t\t\t\t<\/div>\n\t\t\t\t<div class=\"elementor-element elementor-element-4522d4fe elementor-widget elementor-widget-notech-about\" data-id=\"4522d4fe\" data-element_type=\"widget\" id=\"specialist\" data-widget_type=\"notech-about.default\">\n\t\t\t\t<div class=\"elementor-widget-container\">\n\t\t\t\t\t\t<!--Get To Know Start-->\n\t<section class=\"get-to-know\">\n\t\t<div class=\"container\">\n\t\t\t<div class=\"row\">\n\t\t\t\t<div class=\"col-xl-6\">\n\t\t\t\t\t<div class=\"get-to-know__left wow slideInLeft\" data-wow-delay=\"100ms\" data-wow-duration=\"2500ms\">\n\t\t\t\t\t\t<div class=\"get-to-know__img-box\">\n\t\t\t\t\t\t\t\t\t\t\t\t\t\t\t<div class=\"get-to-know__img\">\n\t\t\t\t\t\t\t\t\t<img decoding=\"async\" src=\"https:\/\/scadasoft.com\/wp-content\/uploads\/2023\/02\/AdobeStock_258272752-reworked.png\" alt=\"\">\n\t\t\t\t\t\t\t\t<\/div>\n\t\t\t\t\t\t\t                            \t\t\t\t\t\t\t                            \t\t\t\t\t\t\t\t\t\t\t\t\t\t\t<div class=\"get-to-know-shape-1\"><img decoding=\"async\" src=\"https:\/\/layerdrops.com\/notechwp\/wp-content\/uploads\/2022\/04\/get-to-know-shape-1.png\" alt=\"\"><\/div>\n\t\t\t\t\t\t\t\t\t\t\t\t\t<\/div>\n\t\t\t\t\t<\/div>\n\t\t\t\t<\/div>\n\t\t\t\t<div class=\"col-xl-6\">\n\t\t\t\t\t<div class=\"get-to-know__right\">\n\t\t\t\t\t\t<div class=\"section-title text-left\">\n\t\t\t\t\t\t\t\t\t\t\t\t\t\t\t<div class=\"section-title__tagline-box\">\n\t\t\t\t\t\t\t\t\t<span class=\"section-title__tagline\">Alles, was Sie brauchen<\/span>\n\t\t\t\t\t\t\t\t\t\t\t\t\t\t\t\t\t\t\t<div class=\"section-title-shape\">\n\t\t\t\t\t\t\t\t\t\t\t<img decoding=\"async\" src=\"https:\/\/layerdrops.com\/notechwp\/wp-content\/uploads\/2022\/04\/sec-shape-1-1.png\" alt=\"\">\n\t\t\t\t\t\t\t\t\t\t<\/div>\n\t\t\t\t\t\t\t\t\t\t\t\t\t\t\t\t\t<\/div>\n\t\t\t\t\t\t\t\t\t\t\t\t\t\t\t\t\t\t\t\t\t\t<h2 class=\"section-title__title\">Der SCADA Service Spezialist\n<\/h2>\n\t\t\t\t\t\t\t\t\t\t\t\t\t<\/div>\n\t\t\t\t\t\t\t\t\t\t\t\t\t<p class=\"get-to-know__text\">SCADA SOFT bietet eine umfassende Palette von Dienstleistungen an, darunter technische Unterst\u00fctzung, Schulungen, Wartung, Audits und Entwicklungsunterst\u00fctzung. Wir k\u00f6nnen auch Anwendungsunterst\u00fctzung f\u00fcr Ihre bestehende SCADA-Anwendung bieten und Ihnen bei der Migration helfen.\n\n<\/p>\n\t\t\t\t\t\t\t\t\t\t\t\t\t\t\t\t\t\t\t<ul class=\"list-unstyled get-to-know__points ml-0\">\n\t\t\t\t\t\t\t\t\t\t\t\t\t\t\t<\/ul>\n\t\t\t\t\t\t\t\t\t\t\t\t<div class=\"get-to-know__it-solutions\">\n\t\t\t\t\t\t\t<div class=\"get-to-know__it-solutions-icon icon-svg-large\">\n\t\t\t\t\t\t\t\t\t\t\t\t\t\t\t<\/div>\n\t\t\t\t\t\t\t<div class=\"get-to-know__it-solutions-text-box\">\n\t\t\t\t\t\t\t\t<p class=\"get-to-know__it-solutions-text\">\n\n<\/p>\n\t\t\t\t\t\t\t<\/div>\n\t\t\t\t\t\t<\/div>\n\t\t\t\t\t\t\t\t\t\t\t\t<a   href=\"mailto:info@scadasoft.com%20?subject=SCADA%20SOFT%20Services%20inquiry\" class=\"get-to-know__btn thm-btn\">Kontaktieren Sie uns!<\/a>\n                        \n\t\t\t\t\t<\/div>\n\t\t\t\t<\/div>\n\t\t\t<\/div>\n\t\t<\/div>\n\t<\/section>\n\t<!--Get To Know End-->\n\t\t\t\t<\/div>\n\t\t\t\t<\/div>\n\t\t\t\t\t<\/div>\n\t\t<\/div>\n\t\t\t\t\t<\/div>\n\t\t<\/section>\n\t\t\t\t<section class=\"elementor-section elementor-top-section elementor-element elementor-element-b0373f7 elementor-section-boxed elementor-section-height-default elementor-section-height-default\" data-id=\"b0373f7\" data-element_type=\"section\">\n\t\t\t\t\t\t<div class=\"elementor-container elementor-column-gap-default\">\n\t\t\t\t\t<div class=\"elementor-column elementor-col-100 elementor-top-column elementor-element elementor-element-54272a1\" data-id=\"54272a1\" data-element_type=\"column\">\n\t\t\t<div class=\"elementor-widget-wrap\">\n\t\t\t\t\t\t\t<\/div>\n\t\t<\/div>\n\t\t\t\t\t<\/div>\n\t\t<\/section>\n\t\t\t\t<\/div>\n\t\t","protected":false},"excerpt":{"rendered":"<p>Lernen Sie mehr SCADA Smart Converter Ein klarer, einfacher und transparenter Ablauf Die Konvertierung von SCADA-Anwendungen mit SCADA SOFT ist ein gemeinschaftlicher und umfassender Prozess. F\u00fcr viele Unternehmen kann die Aussicht auf eine vollst\u00e4ndige \u00dcberarbeitung ihrer SCADA-Anwendungen jedoch ein entmutigendes und kostspieliges Unterfangen sein. Hier kommt SCADA SOFT ins Spiel und bietet Ihnen eine transformative [&hellip;]<\/p>\n","protected":false},"author":2,"featured_media":0,"parent":0,"menu_order":0,"comment_status":"closed","ping_status":"closed","template":"elementor_header_footer","meta":{"footnotes":""},"class_list":["post-2051","page","type-page","status-publish","hentry"],"_links":{"self":[{"href":"https:\/\/scadasoft.com\/de\/wp-json\/wp\/v2\/pages\/2051","targetHints":{"allow":["GET"]}}],"collection":[{"href":"https:\/\/scadasoft.com\/de\/wp-json\/wp\/v2\/pages"}],"about":[{"href":"https:\/\/scadasoft.com\/de\/wp-json\/wp\/v2\/types\/page"}],"author":[{"embeddable":true,"href":"https:\/\/scadasoft.com\/de\/wp-json\/wp\/v2\/users\/2"}],"replies":[{"embeddable":true,"href":"https:\/\/scadasoft.com\/de\/wp-json\/wp\/v2\/comments?post=2051"}],"version-history":[{"count":95,"href":"https:\/\/scadasoft.com\/de\/wp-json\/wp\/v2\/pages\/2051\/revisions"}],"predecessor-version":[{"id":4586,"href":"https:\/\/scadasoft.com\/de\/wp-json\/wp\/v2\/pages\/2051\/revisions\/4586"}],"wp:attachment":[{"href":"https:\/\/scadasoft.com\/de\/wp-json\/wp\/v2\/media?parent=2051"}],"curies":[{"name":"wp","href":"https:\/\/api.w.org\/{rel}","templated":true}]}}