{"id":2061,"date":"2023-01-30T10:57:01","date_gmt":"2023-01-30T10:57:01","guid":{"rendered":"http:\/\/alpha.scadasoft.com.185-178-193-44.225.hosttech.eu\/ueber-uns"},"modified":"2023-10-06T16:11:55","modified_gmt":"2023-10-06T15:11:55","slug":"about","status":"publish","type":"page","link":"https:\/\/scadasoft.com\/de\/about","title":{"rendered":"\u00dcber uns"},"content":{"rendered":"\t\t<div data-elementor-type=\"wp-page\" data-elementor-id=\"2061\" class=\"elementor elementor-2061 elementor-1324\">\n\t\t\t\t\t\t<section class=\"elementor-section elementor-top-section elementor-element elementor-element-4ab8922b elementor-section-full_width elementor-section-height-default elementor-section-height-default\" data-id=\"4ab8922b\" data-element_type=\"section\">\n\t\t\t\t\t\t<div class=\"elementor-container elementor-column-gap-no\">\n\t\t\t\t\t<div class=\"elementor-column elementor-col-100 elementor-top-column elementor-element elementor-element-16f5ba35\" data-id=\"16f5ba35\" data-element_type=\"column\">\n\t\t\t<div class=\"elementor-widget-wrap\">\n\t\t\t\t\t\t\t<\/div>\n\t\t<\/div>\n\t\t\t\t\t<\/div>\n\t\t<\/section>\n\t\t\t\t<section class=\"elementor-section elementor-top-section elementor-element elementor-element-36f6e791 elementor-section-full_width elementor-section-height-default elementor-section-height-default\" data-id=\"36f6e791\" data-element_type=\"section\">\n\t\t\t\t\t\t<div class=\"elementor-container elementor-column-gap-no\">\n\t\t\t\t\t<div class=\"elementor-column elementor-col-100 elementor-top-column elementor-element elementor-element-25cec864\" data-id=\"25cec864\" data-element_type=\"column\">\n\t\t\t<div class=\"elementor-widget-wrap\">\n\t\t\t\t\t\t\t<\/div>\n\t\t<\/div>\n\t\t\t\t\t<\/div>\n\t\t<\/section>\n\t\t\t\t<section class=\"elementor-section elementor-top-section elementor-element elementor-element-9392caf elementor-section-full_width elementor-section-height-default elementor-section-height-default\" data-id=\"9392caf\" data-element_type=\"section\">\n\t\t\t\t\t\t<div class=\"elementor-container elementor-column-gap-no\">\n\t\t\t\t\t<div class=\"elementor-column elementor-col-100 elementor-top-column elementor-element elementor-element-140ed5b0\" data-id=\"140ed5b0\" data-element_type=\"column\">\n\t\t\t<div class=\"elementor-widget-wrap elementor-element-populated\">\n\t\t\t\t\t\t<div class=\"elementor-element elementor-element-57f32017 elementor-widget elementor-widget-notech-about\" data-id=\"57f32017\" data-element_type=\"widget\" data-widget_type=\"notech-about.default\">\n\t\t\t\t<div class=\"elementor-widget-container\">\n\t\t\t\t\t\t<!--Welcome Start-->\n\t<section class=\"welcome\">\n\t\t<div class=\"container\">\n\t\t\t<div class=\"row\">\n\t\t\t\t<div class=\"col-xl-6\">\n\t\t\t\t\t<div class=\"welcome__left\">\n\t\t\t\t\t\t<div class=\"row\">\n\t\t\t\t\t\t\t<div class=\"col-xl-6 col-lg-6 col-md-6\">\n\t\t\t\t\t\t\t\t<div class=\"welcome__left-inner-1\">\n\t\t\t\t\t\t\t\t\t\t\t\t\t\t\t\t\t\t\t\t\t\t\t\t\t\t\t\t\t\t<div class=\"welcome__single\">\n\t\t\t\t\t\t\t\t\t\t\t\t<div class=\"welcome__content marb-30\">\n\t\t\t\t\t\t\t\t\t\t\t\t\t<h3 class=\"odometer\" data-count=\"30\">00<\/h3>\n\t\t\t\t\t\t\t\t\t\t\t\t\t<span class=\"welcome__content-percent\">Jahre<\/span>\n\t\t\t\t\t\t\t\t\t\t\t\t\t<p>Erfahrung<br>in SCADA-Anwendungen<\/p>\n\t\t\t\t\t\t\t\t\t\t\t\t<\/div>\n\t\t\t\t\t\t\t\t\t\t\t<\/div>\n\t\t\t\t\t\t\t\t\t\t\t\t\t\t\t\t\t\t\t\t\t\t\t\t\t\t\t\t\t\t\t\t\t\t\t\t\t\t\t\t\t\t\t\t\t\t\t\t\t\t\t\t\t\t\t\t\t\t\t\t\t\t\t\t\t\t\t\t\t\t\t\t\t\t\t\t\t\t\t\t\t\t\t\t\t\t\t\t\t\t\t\t\t\t\t\t\t\t\t\t\t\t\t\t\t\t\t\t\t\t\t\t\t\t\t\t\t\t\t\t\t\t\t\t\t<div class=\"welcome__single\">\n\t\t\t\t\t\t\t\t\t\t\t\t<div class=\"welcome__content-two\">\n\t\t\t\t\t\t\t\t\t\t\t\t\t<div class=\"welcome__content-two-bg-box\">\n                                                                                                                                                                            <video  class=\"welcome__content-two-bg\" src=\"https:\/\/scada-soft.test\/wp-content\/uploads\/2023\/02\/Aurora-Borealis-Fairbanks-Alaska-November-2.mp4\" width=\"100%\" height=\"100%\" poster=\"https:\/\/layerdrops.com\/notechwp\/wp-content\/uploads\/2022\/04\/welcome-content-bg-1.jpg\" autoplay loop muted><\/video>\n                                                        \t\t\t\t\t\t\t\t\t\t\t\t\t<\/div>\n\t\t\t\t\t\t\t\t\t\t\t\t\t<div class=\"welcome__icon icon-svg-large\">\n\t\t\t\t\t\t\t\t\t\t\t\t\t\t<span aria-hidden=\"true\" class=\"   icon-innovation\"><\/span>\t\t\t\t\t\t\t\t\t\t\t\t\t<\/div>\n\t\t\t\t\t\t\t\t\t\t\t\t\t<p>Warum mit uns zusammenarbeiten\n\n<\/p>\n\t\t\t\t\t\t\t\t\t\t\t\t<\/div>\n\t\t\t\t\t\t\t\t\t\t\t<\/div>\n\t\t\t\t\t\t\t\t\t\t\t\t\t\t\t\t\t\t\t\t\t\t\t\t\t\t\t\t\t\t\t\t\t\t\t\t\t\t\t\t\t\t\t\t\t\t<\/div>\n\t\t\t\t\t\t\t<\/div>\n\t\t\t\t\t\t\t<div class=\"col-xl-6 col-lg-6 col-md-6\">\n\t\t\t\t\t\t\t\t<div class=\"welcome__left-inner-2\">\n\t\t\t\t\t\t\t\t\t\t\t\t\t\t\t\t\t\t\t\t\t\t\t\t\t\t\t\t\t\t<div class=\"welcome__single\">\n\t\t\t\t\t\t\t\t\t\t\t\t<div class=\"welcome__content-two marb-30\">\n\t\t\t\t\t\t\t\t\t\t\t\t\t<div class=\"welcome__content-two-bg-box\">\n                                                                                                                                                                            <video  class=\"welcome__content-two-bg\" src=\"https:\/\/scada-soft.test\/wp-content\/uploads\/2023\/02\/Aurora-Borealis-in-Northern-Norway-3.mp4\" width=\"100%\" height=\"100%\" poster=\"https:\/\/scadasoft.com\/wp-content\/uploads\/2023\/02\/AdobeStock_290603572_LR.jpg\" autoplay loop muted><\/video>\n                                                        \t\t\t\t\t\t\t\t\t\t\t\t\t<\/div>\n\t\t\t\t\t\t\t\t\t\t\t\t\t<div class=\"welcome__icon icon-svg-large\">\n\t\t\t\t\t\t\t\t\t\t\t\t\t\t<span aria-hidden=\"true\" class=\"  icon-social-media\"><\/span>\t\t\t\t\t\t\t\t\t\t\t\t\t<\/div>\n\t\t\t\t\t\t\t\t\t\t\t\t\t<p>Hergestellt in der Schweiz<br>\nmit Leidenschaft\n<\/p>\n\t\t\t\t\t\t\t\t\t\t\t\t<\/div>\n\t\t\t\t\t\t\t\t\t\t\t<\/div>\n\t\t\t\t\t\t\t\t\t\t\t\t\t\t\t\t\t\t\t\t\t\t\t\t\t\t\t\t\t\t\t\t\t\t\t\t\t\t\t\t\t\t\t\t\t\t\t\t\t\t\t\t\t\t\t\t\t\t\t\t\t\t\t\t\t\t\t\t\t\t\t\t\t\t\t\t\t\t\t\t\t\t\t\t\t\t\t\t\t\t\t\t\t\t\t\t\t\t\t\t\t\t\t\t\t\t<div class=\"welcome__single\">\n\t\t\t\t\t\t\t\t\t\t\t\t<div class=\"welcome__content\">\n\t\t\t\t\t\t\t\t\t\t\t\t\t<h3 class=\"odometer\" data-count=\"30\">00<\/h3>\n\t\t\t\t\t\t\t\t\t\t\t\t\t<span class=\"welcome__content-percent\">Jahre<\/span>\n\t\t\t\t\t\t\t\t\t\t\t\t\t<p>Erfahrung<br>in SCADA-Anwendungen<\/p>\n\t\t\t\t\t\t\t\t\t\t\t\t<\/div>\n\t\t\t\t\t\t\t\t\t\t\t<\/div>\n\t\t\t\t\t\t\t\t\t\t\t\t\t\t\t\t\t\t\t\t\t\t\t\t\t\t\t\t\t\t\t\t\t\t\t\t\t\t\t\t\t\t\t\t\t\t\t\t\t\t\t\t\t\t\t\t\t\t\t\t\t\t\t\t\t<\/div>\n\t\t\t\t\t\t\t<\/div>\n\t\t\t\t\t\t<\/div>\n\t\t\t\t\t<\/div>\n\t\t\t\t<\/div>\n\t\t\t\t<div class=\"col-xl-6\">\n\t\t\t\t\t<div class=\"welcome__right\">\n\t\t\t\t\t\t<div class=\"section-title text-left\">\n\t\t\t\t\t\t\t\t\t\t\t\t\t\t\t<div class=\"section-title__tagline-box\">\n\t\t\t\t\t\t\t\t\t<span class=\"section-title__tagline\">Willkommen bei der SCADA SOFT AG<\/span>\n\t\t\t\t\t\t\t\t\t\t\t\t\t\t\t\t\t\t\t<div class=\"section-title-shape\">\n\t\t\t\t\t\t\t\t\t\t\t<img decoding=\"async\" src=\"https:\/\/layerdrops.com\/notechwp\/wp-content\/uploads\/2022\/04\/sec-shape-1-1.png\" alt=\"\">\n\t\t\t\t\t\t\t\t\t\t<\/div>\n\t\t\t\t\t\t\t\t\t\t\t\t\t\t\t\t\t<\/div>\n\t\t\t\t\t\t\t\t\t\t\t\t\t\t\t\t\t\t\t\t\t\t<h2 class=\"section-title__title\">Das erste Full-Service-Unternehmen f\u00fcr Fachleute von SCADA-Systemen<\/h2>\n\t\t\t\t\t\t\t\t\t\t\t\t\t<\/div>\n\t\t\t\t\t\tDie SCADA SOFT AG ist ein Schweizer Unternehmen, das von Fachleuten gegr\u00fcndet wurde, welche, seit mehr als 30 Jahren in der SCADA-Branche t\u00e4tig sind. Wir sind ein spezialisierter Dienstleister, der SCADA-Fachleuten hochwertige Dienstleistungen anbietet, um ihre Systeme zu optimieren, die betriebliche Effizienz zu steigern und die Gesamtleistung zu erh\u00f6hen. Mit unseren fundierten Fachkenntnissen, innovativen L\u00f6sungen und unserem unerm\u00fcdlichen Engagement f\u00fcr die Kundenzufriedenheit sind wir der zuverl\u00e4ssige Partner f\u00fcr SCADA-Fachleute weltweit.\t\t\t\t\t\t\t\t\t\t\t<\/div>\n\t\t\t\t<\/div>\n\t\t\t<\/div>\n\t\t<\/div>\n\t<\/section>\n\t<!--Welcome End-->\n\t\t\t\t<\/div>\n\t\t\t\t<\/div>\n\t\t\t\t<div class=\"elementor-element elementor-element-6d409fd elementor-widget elementor-widget-notech-about\" data-id=\"6d409fd\" data-element_type=\"widget\" data-widget_type=\"notech-about.default\">\n\t\t\t\t<div class=\"elementor-widget-container\">\n\t\t\t\t\t\t<!--Consult Start-->\n\t<section class=\"consult\">\n\t\t<div class=\"container\">\n\t\t\t<div class=\"row\">\n\t\t\t\t<div class=\"col-xl-6 col-lg-6\">\n\t\t\t\t\t<div class=\"consult__left\">\n\t\t\t\t\t\t<div class=\"section-title text-left\">\n\t\t\t\t\t\t\t\t\t\t\t\t\t\t\t<div class=\"section-title__tagline-box\">\n\t\t\t\t\t\t\t\t\t<span class=\"section-title__tagline\">Eine neue Denkweise<\/span>\n\t\t\t\t\t\t\t\t\t\t\t\t\t\t\t\t\t\t\t<div class=\"section-title-shape\">\n\t\t\t\t\t\t\t\t\t\t\t<img decoding=\"async\" src=\"https:\/\/layerdrops.com\/notechwp\/wp-content\/uploads\/2022\/04\/sec-shape-1-1.png\" alt=\"\">\n\t\t\t\t\t\t\t\t\t\t<\/div>\n\t\t\t\t\t\t\t\t\t\t\t\t\t\t\t\t\t<\/div>\n\t\t\t\t\t\t\t\t\t\t\t\t\t\t\t\t\t\t\t\t\t\t<h2 class=\"section-title__title\">Das SCADA ist tot. <br>\nLang lebe SCADA!<\/h2>\n\t\t\t\t\t\t\t\t\t\t\t\t\t<\/div>\n\t\t\t\t\t\t\t\t\t\t\t\t\t<p class=\"consult__text\">SCADA ist ein unternehmenskritisches System. Ein Versagen ist keine Option. Aus diesem Grund sind wir der Meinung, dass \u00fcber die Funktionen einer \u00dcberwachungssoftware hinaus die Qualit\u00e4t unserer Dienstleistungen und die Beziehung zu unseren Nutzern von grundlegender Bedeutung sind. Wir st\u00fctzen alle unsere Aktivit\u00e4ten auf starke Werte, die mit unserer Mission \u00fcbereinstimmen: <br><br>\n\n\n<b>Professionalit\u00e4t <\/b> <br>Wir sind Profis und wollen, dass sich dies in allem, was wir tun, widerspiegelt. Das bedeutet einerseits operative Strenge, andererseits aber auch gen\u00fcgend Flexibilit\u00e4t, um auf alle - auch unerwartete - Situationen reagieren zu k\u00f6nnen.<br> <br>\n\n<b>Verantwortung <\/b> <br>Wir \u00fcbernehmen Verantwortung f\u00fcr unser Handeln und Solidarisieren uns mit den Herausforderungen unserer Kunden. Wir sind ein Team, das mit einem hohen Bewusstsein f\u00fcr die sozialen, \u00f6kologischen und \u00f6konomischen Auswirkungen unseres Handelns agiert. <br> <br>\n\n\n<b>Ethik <\/b> <br>Wir garantieren Gleichberechtigung und verbieten Diskriminierung in jeglicher Form und aus jeglichem Grund. Wir ermutigen unser Team zur Zusammenarbeit und zum gegenseitigen Respekt und stellen sicher, dass die Gesundheit, die Sicherheit und die W\u00fcrde jedes Einzelnen gesch\u00fctzt werden. <br> <br>\n\n\n<b>Einh\u00f6rner<\/b><br> Wir lieben Einh\u00f6rner und setzen uns f\u00fcr ihren Schutz ein, weil wir Menschen bleiben wollen, Kinder lieben und weiterhin Tr\u00e4ume haben und vor allem unseren Humor nicht verlieren wollen.<\/p>\n\t\t\t\t\t\t\t\t\t\t\t\t\t\t\t\t\t\t\t<div class=\"consult__icon-box\">\n\t\t\t\t\t\t\t\t<div class=\"consult__icon icon-svg-large\">\n\t\t\t\t\t\t\t\t\t\t\t\t\t\t\t\t\t<\/div>\n\t\t\t\t\t\t\t\t<p class=\"consult__icon-text\">\n<\/p>\n\t\t\t\t\t\t\t<\/div>\n\t\t\t\t\t\t\t\t\t\t\t\t\t\t\t\t\t<\/div>\n\t\t\t\t<\/div>\n\t\t\t\t<div class=\"col-xl-6 col-lg-6\">\n\t\t\t\t\t<div class=\"consult__right\">\n\t\t\t\t\t\t<div class=\"consult__img wow slideInRight\" data-wow-delay=\"100ms\" data-wow-duration=\"2500ms\">\n\t\t\t\t\t\t\t                                                            <video src=\"https:\/\/scada-soft.test\/wp-content\/uploads\/2023\/02\/Aurora-Borealis-in-Northern-Norway-4.mp4\" width=\"100%\" height=\"100%\" poster=\"https:\/\/scadasoft.com\/wp-content\/uploads\/2023\/10\/company_values.png\" autoplay loop muted><\/video>\n                            \t\t\t\t\t\t\t\t\t\t\t\t\t<\/div>\n\t\t\t\t\t<\/div>\n\t\t\t\t<\/div>\n\t\t\t<\/div>\n\t\t<\/div>\n\t<\/section>\n\t<!--Consult  End-->\n\t\t\t\t<\/div>\n\t\t\t\t<\/div>\n\t\t\t\t<div class=\"elementor-element elementor-element-7de0d6e4 elementor-widget elementor-widget-notech-contact-info\" data-id=\"7de0d6e4\" data-element_type=\"widget\" data-widget_type=\"notech-contact-info.default\">\n\t\t\t\t<div class=\"elementor-widget-container\">\n\t\t\t\t\t    <!--Contact Details Start-->\n    <section class=\"contact-details\">\n        <div class=\"container\">\n            <div class=\"row\">\n                                <div class=\"col-12\">\n                    <div class=\"contact-details__right\">\n                        <div class=\"section-title text-left\">\n                                                            <div class=\"section-title__tagline-box\">\n                                    <span class=\"section-title__tagline\">Kontakt<\/span>\n                                                                            <div class=\"section-title-shape\">\n                                            <img decoding=\"async\" src=\"https:\/\/layerdrops.com\/notechwp\/wp-content\/uploads\/2022\/04\/sec-shape-1-1.png\" alt=\"\">\n                                        <\/div>\n                                                                    <\/div>\n                                                                                        <h2 class=\"section-title__title\">Nehmen Sie Kontakt mit uns auf<\/h2>\n                                                    <\/div>\n                                                    <p class=\"contact-details__text\">Die SCADA SOFT AG hat ihren Sitz in der Nordschweiz und ist unter der Referenz CHE-112.464.298 registriert. <br>\nDie SCADA SOFT AG hat Distributoren in den meisten europ\u00e4ischen L\u00e4ndern<\/p>\n                                                                            <ul class=\"list-unstyled contact-details__info ml-0\">\n                                                                    <li>\n                                        <div class=\"icon icon-svg-large\">\n                                            <span aria-hidden=\"true\" class=\"  icon-telephone\"><\/span>                                        <\/div>\n                                        <div class=\"text\">\n                                            <p>Haben Sie Fragen? Rufen Sie uns an!<\/p>\n                                            <a href=\"tel:0\"><span><\/a>                                        <\/div>\n                                    <\/li>\n                                                                    <li>\n                                        <div class=\"icon icon-svg-large\">\n                                            <span aria-hidden=\"true\" class=\"   icon-email\"><\/span>                                        <\/div>\n                                        <div class=\"text\">\n                                            <p>Schreiben Sie uns eine Mail an:<\/p>\n                                            <a href=\"mailto:contact@scadasoft.com\">contact@scadasoft.com<\/a>                                        <\/div>\n                                    <\/li>\n                                                                    <li>\n                                        <div class=\"icon icon-svg-large\">\n                                            <span aria-hidden=\"true\" class=\"   icon-pin\"><\/span>                                        <\/div>\n                                        <div class=\"text\">\n                                            <p>Unsere Adresse<\/p>\n                                            SCADA SOFT AG, Schleitheimerstrasse 42, 8222 Beringen - Switzerland<br><span>MHX9+FM Beringen, Schweiz<\/span>                                        <\/div>\n                                    <\/li>\n                                                            <\/ul>\n                                            <\/div>\n                <\/div>\n            <\/div>\n        <\/div>\n    <\/section>\n    <!--Contact Details End-->\n\t\t\t\t<\/div>\n\t\t\t\t<\/div>\n\t\t\t\t\t<\/div>\n\t\t<\/div>\n\t\t\t\t\t<\/div>\n\t\t<\/section>\n\t\t\t\t<\/div>\n\t\t","protected":false},"excerpt":{"rendered":"<p>00 Jahre Erfahrungin SCADA-Anwendungen Warum mit uns zusammenarbeiten Hergestellt in der Schweiz mit Leidenschaft 00 Jahre Erfahrungin SCADA-Anwendungen Willkommen bei der SCADA SOFT AG Das erste Full-Service-Unternehmen f\u00fcr Fachleute von SCADA-Systemen Die SCADA SOFT AG ist ein Schweizer Unternehmen, das von Fachleuten gegr\u00fcndet wurde, welche, seit mehr als 30 Jahren in der SCADA-Branche t\u00e4tig sind. [&hellip;]<\/p>\n","protected":false},"author":2,"featured_media":0,"parent":0,"menu_order":0,"comment_status":"closed","ping_status":"closed","template":"elementor_header_footer","meta":{"footnotes":""},"class_list":["post-2061","page","type-page","status-publish","hentry"],"_links":{"self":[{"href":"https:\/\/scadasoft.com\/de\/wp-json\/wp\/v2\/pages\/2061","targetHints":{"allow":["GET"]}}],"collection":[{"href":"https:\/\/scadasoft.com\/de\/wp-json\/wp\/v2\/pages"}],"about":[{"href":"https:\/\/scadasoft.com\/de\/wp-json\/wp\/v2\/types\/page"}],"author":[{"embeddable":true,"href":"https:\/\/scadasoft.com\/de\/wp-json\/wp\/v2\/users\/2"}],"replies":[{"embeddable":true,"href":"https:\/\/scadasoft.com\/de\/wp-json\/wp\/v2\/comments?post=2061"}],"version-history":[{"count":36,"href":"https:\/\/scadasoft.com\/de\/wp-json\/wp\/v2\/pages\/2061\/revisions"}],"predecessor-version":[{"id":4531,"href":"https:\/\/scadasoft.com\/de\/wp-json\/wp\/v2\/pages\/2061\/revisions\/4531"}],"wp:attachment":[{"href":"https:\/\/scadasoft.com\/de\/wp-json\/wp\/v2\/media?parent=2061"}],"curies":[{"name":"wp","href":"https:\/\/api.w.org\/{rel}","templated":true}]}}