{"id":2066,"date":"2023-01-30T10:46:35","date_gmt":"2023-01-30T10:46:35","guid":{"rendered":"http:\/\/alpha.scadasoft.com.185-178-193-44.225.hosttech.eu\/produkte"},"modified":"2023-10-04T20:26:11","modified_gmt":"2023-10-04T19:26:11","slug":"products","status":"publish","type":"page","link":"https:\/\/scadasoft.com\/de\/products","title":{"rendered":"Produkte"},"content":{"rendered":"\t\t<div data-elementor-type=\"wp-page\" data-elementor-id=\"2066\" class=\"elementor elementor-2066 elementor-1298\">\n\t\t\t\t\t\t<section class=\"elementor-section elementor-top-section elementor-element elementor-element-357d4acb elementor-section-full_width elementor-section-height-default elementor-section-height-default\" data-id=\"357d4acb\" data-element_type=\"section\">\n\t\t\t\t\t\t<div class=\"elementor-container elementor-column-gap-no\">\n\t\t\t\t\t<div class=\"elementor-column elementor-col-100 elementor-top-column elementor-element elementor-element-46708fd8\" data-id=\"46708fd8\" data-element_type=\"column\">\n\t\t\t<div class=\"elementor-widget-wrap elementor-element-populated\">\n\t\t\t\t\t\t<div class=\"elementor-element elementor-element-70b07325 elementor-widget elementor-widget-notech-about\" data-id=\"70b07325\" data-element_type=\"widget\" data-widget_type=\"notech-about.default\">\n\t\t\t\t<div class=\"elementor-widget-container\">\n\t\t\t\t\t\t<!--We Help Start-->\n\t<section class=\"we-help\">\n\t\t<div class=\"container\">\n\t\t\t<div class=\"we-help__inner\">\n\t\t\t\t<div class=\"row\">\n\t\t\t\t\t<div class=\"col-xl-12\">\n\t\t\t\t\t\t<div class=\"we-help__left\">\n\t\t\t\t\t\t\t<div class=\"section-title text-left\">\n\t\t\t\t\t\t\t\t\t\t\t\t\t\t\t\t\t<div class=\"section-title__tagline-box\">\n\t\t\t\t\t\t\t\t\t\t<span class=\"section-title__tagline\">PcVue entwickelt von Arc Informatique<\/span>\n\t\t\t\t\t\t\t\t\t\t\t\t\t\t\t\t\t\t\t\t\t<div class=\"section-title-shape\">\n\t\t\t\t\t\t\t\t\t\t\t\t<img decoding=\"async\" src=\"https:\/\/layerdrops.com\/notechwp\/wp-content\/uploads\/2022\/04\/sec-shape-1-1.png\" alt=\"\">\n\t\t\t\t\t\t\t\t\t\t\t<\/div>\n\t\t\t\t\t\t\t\t\t\t\t\t\t\t\t\t\t\t\t<\/div>\n\t\t\t\t\t\t\t\t\t\t\t\t\t\t\t\t\t\t\t\t\t\t\t\t\t<h2 class=\"section-title__title\">PcVue: Die ultimative SCADA-L\u00f6sung\n\n<\/h2>\n\t\t\t\t\t\t\t\t\t\t\t\t\t\t\t<\/div>\n\t\t\t\t\t\t\t\t\t\t\t\t\t\t\tMit mehr als drei Jahrzehnten Erfahrung mit SCADA-Systemen war die Auswahl der idealen Plattform zur Unterst\u00fctzung unserer migrierten Anwendungen f\u00fcr SCADA SOFT eine klare Entscheidung: PcVue erwies sich ohne Frage als die optimale Wahl. <br> <br> \n\n<b>Eine intelligente Softwareplattform f\u00fcr mehr Produktivit\u00e4t <\/b> <br> \n- Herstellerunabh\u00e4ngigkeit <br> \n- 35 Jahre Erfahrung als industrielle Software <br> \n- Globaler Ansatz mit lokalem Support <br> \n- Skalierbare L\u00f6sung mit flexibler und wettbewerbsf\u00e4higer Preisgestaltung <br> <br> \n\nAlle SCADA-Systeme bieten Echtzeit-\u00dcberwachungs- und Steuerungsfunktionen, einschlie\u00dflich einer modernen Mensch-Maschine-Schnittstelle (HMI), die es dem Bediener erm\u00f6glicht, den aktuellen Zustand eines Prozesses anzuzeigen oder zu \u00e4ndern, Alarmmanagement, Trendanzeigen, Datenarchivierung, Datenerfassungstreiber, die die Datenerfassung mit Prozesshardware unterst\u00fctzen, und Schnittstellen zu Software von Drittanbietern. <br> <br>\n\nWarum ist PcVu also einen Blick wert? <br> <br>\n\n<b>Herstellerunabh\u00e4ngigkeit <\/b> <br> \n\nPcVue ist eine herstellerunabh\u00e4ngige L\u00f6sung, die auf eine 35-j\u00e4hrige Erfahrung als Spezialist f\u00fcr industrielle Software zur\u00fcckblicken kann. Unsere Produkte werden in Zehntausenden von Installationen weltweit eingesetzt. PcVue bietet Abw\u00e4rtskompatibilit\u00e4t seit der Einf\u00fchrung von Windows, so dass Sie sich darauf verlassen k\u00f6nnen, dass Ihre Investitionen und Anlagen zukunftssicher sind. <br> <br> \n\nArc Informatique ist ein nach ISO9001:2015 zertifiziertes Unternehmen. <br> <br> \n\n<b>35 Jahre Erfahrung mit industrieller Software<\/b><br>\n\nPcVue ist weit verbreitet in industriellen Steuerungssystemen, im Geb\u00e4udemanagement, im Energiemanagement, in Smart Grid L\u00f6sungen, in der Stromverteilung, in Umspannwerk-Automatisierungssystemen, im Bereich Sicherheit, in Brandschutzsystemen, in Versorgungsunternehmen, in der Subsystem-Automatisierung, im Materialtransport, im Transport, in erneuerbaren Energien und in der Infrastruktur. <br> <br> \n\nPcVue ist eine All-in-One-Paketl\u00f6sung, die Ihre Anlagen in ihrer Gesamtheit \u00fcberwacht. <br><br>\n\n<b>Globaler Ansatz mit lokaler Unterst\u00fctzung<\/b><br>\n\nPcVue\u2122 wird weltweit vertrieben. Wenn Sie eine Schulung, Unterst\u00fctzung oder technische Hilfe ben\u00f6tigen, k\u00f6nnen wir Ihnen \u00fcberall auf der Welt helfen. Als Softwareunternehmen verf\u00fcgen wir \u00fcber ein Supportteam, das eng mit der Abteilung Forschung und Entwicklung zusammenarbeitet, um Ihnen ein hohes Ma\u00df an Support mit einer besseren Reaktionsf\u00e4higkeit zu bieten. <br><br>\n\n\n<b>Skalierbare L\u00f6sung mit flexiblen und wettbewerbsf\u00e4higen Preisen<\/b><br>\n\nUnsere Preisprogramme f\u00fcr PcVue\u2122 bieten die n\u00f6tige Flexibilit\u00e4t, um Ihre gesch\u00e4ftlichen Anforderungen zu erf\u00fcllen.\n\n\n\n\t\t\t\t\t\t\t\t\t\t\t\t\t<\/div>\n\t\t\t\t\t<\/div>\n\t\t\t\t\t<!--<div class=\"col-xl-6 col-lg-6\">\n\t\t\t\t\t\t<div class=\"we-help__right\">\n\t\t\t\t\t\t\t<div class=\"we-help__img wow slideInRight\" data-wow-delay=\"100ms\" data-wow-duration=\"2500ms\">\n\t\t\t\t\t\t\t\t\t\t\t\t\t\t\t\t\t<img decoding=\"async\" src=\"\" alt=\"\">\n\t\t\t\t\t\t\t\t\t\t\t\t\t\t\t<\/div>\n\t\t\t\t\t\t<\/div>\n\t\t\t\t\t<\/div>-->\n\t\t\t\t<\/div>\n\t\t\t<\/div>\n\t\t<\/div>\n\t<\/section>\n\t<!--We Help End-->\n\t\t\t\t<\/div>\n\t\t\t\t<\/div>\n\t\t\t\t<div class=\"elementor-element elementor-element-4723a59c elementor-widget elementor-widget-notech-fancy-box\" data-id=\"4723a59c\" data-element_type=\"widget\" data-widget_type=\"notech-fancy-box.default\">\n\t\t\t\t<div class=\"elementor-widget-container\">\n\t\t\t\t\t    <!--Feature One Start-->\n    <section class=\"feature-one\">\n        <div class=\"container\">\n            <div class=\"row\">\n                                    <div class=\"col-xl-4 col-lg-4 wow fadeInUp\" data-wow-delay=\"100ms\">\n                        <!--Feature One Single-->\n                        <div class=\"feature-one__single\">\n                            <div class=\"feature-one__img\">\n                                                                    <img decoding=\"async\" src=\"https:\/\/scadasoft.com\/wp-content\/uploads\/2023\/02\/PCV-1.jpg\" alt=\"\">\n                                                                                                <div class=\"feature-one__title-box\">\n                                    <h3 class=\"feature-one__title\"><a   href=\"\">PcVue SCADA Anwendung<\/a><\/h3>\n                                <\/div>\n                                <div class=\"feature-one__hover-content\">\n                                    <div class=\"feature-one__icon icon-svg-large\">\n                                        <span aria-hidden=\"true\" class=\"  icon-system\"><\/span>                                    <\/div>\n                                    <h3 class=\"feature-one__hover-title\"><a   href=\"\">PcVue SCADA Anwendung<\/a>\n                                    <\/h3>\n                                    <p class=\"feature-one__hover-text\">Objektorientierte 2D\/3D-Bilder, voll webf\u00e4hig: eine sehr hochwertige und voll funktionsf\u00e4hige L\u00f6sung.<\/p>\n                                    <div class=\"feature-one__learn-more\">\n                                        <a   href=\"\"><i class=\"fa fa-long-arrow-alt-right\"><\/i><\/a>\n                                    <\/div>\n                                <\/div>\n                            <\/div>\n                        <\/div>\n                    <\/div>\n                                    <div class=\"col-xl-4 col-lg-4 wow fadeInUp\" data-wow-delay=\"200ms\">\n                        <!--Feature One Single-->\n                        <div class=\"feature-one__single\">\n                            <div class=\"feature-one__img\">\n                                                                    <img decoding=\"async\" src=\"https:\/\/scadasoft.com\/wp-content\/uploads\/2023\/02\/mnt2.jpg\" alt=\"\">\n                                                                                                <div class=\"feature-one__title-box\">\n                                    <h3 class=\"feature-one__title\"><a   href=\"\">Professionelle Wartung <\/a><\/h3>\n                                <\/div>\n                                <div class=\"feature-one__hover-content\">\n                                    <div class=\"feature-one__icon icon-svg-large\">\n                                        <span aria-hidden=\"true\" class=\"  fas fa-upload\"><\/span>                                    <\/div>\n                                    <h3 class=\"feature-one__hover-title\"><a   href=\"\">Professionelle Wartung <\/a>\n                                    <\/h3>\n                                    <p class=\"feature-one__hover-text\">Vollst\u00e4ndige Software-Wartung mit allen neuen Versionen im Laufe des Jahres, einschlie\u00dflich Neben- und Hauptversionen.  <\/p>\n                                    <div class=\"feature-one__learn-more\">\n                                        <a   href=\"\"><i class=\"fa fa-long-arrow-alt-right\"><\/i><\/a>\n                                    <\/div>\n                                <\/div>\n                            <\/div>\n                        <\/div>\n                    <\/div>\n                                    <div class=\"col-xl-4 col-lg-4 wow fadeInUp\" data-wow-delay=\"300ms\">\n                        <!--Feature One Single-->\n                        <div class=\"feature-one__single\">\n                            <div class=\"feature-one__img\">\n                                                                    <img decoding=\"async\" src=\"https:\/\/scadasoft.com\/wp-content\/uploads\/2023\/02\/support.jpg\" alt=\"\">\n                                                                                                <div class=\"feature-one__title-box\">\n                                    <h3 class=\"feature-one__title\"><a   href=\"\">Technischer <br>Support<\/a><\/h3>\n                                <\/div>\n                                <div class=\"feature-one__hover-content\">\n                                    <div class=\"feature-one__icon icon-svg-large\">\n                                        <span aria-hidden=\"true\" class=\"  fas fa-file-import\"><\/span>                                    <\/div>\n                                    <h3 class=\"feature-one__hover-title\"><a   href=\"\">Technischer <br>Support<\/a>\n                                    <\/h3>\n                                    <p class=\"feature-one__hover-text\">Fortgeschrittene technische Unterst\u00fctzung von der Anwendungsentwicklung bis hin zu 3rd-Level-Support und Fehlerbehebung\n\n<\/p>\n                                    <div class=\"feature-one__learn-more\">\n                                        <a   href=\"\"><i class=\"fa fa-long-arrow-alt-right\"><\/i><\/a>\n                                    <\/div>\n                                <\/div>\n                            <\/div>\n                        <\/div>\n                    <\/div>\n                            <\/div>\n        <\/div>\n    <\/section>\n    <!--Feature One End-->\n\t\t\t\t<\/div>\n\t\t\t\t<\/div>\n\t\t\t\t\t<\/div>\n\t\t<\/div>\n\t\t\t\t\t<\/div>\n\t\t<\/section>\n\t\t\t\t<\/div>\n\t\t","protected":false},"excerpt":{"rendered":"<p>PcVue entwickelt von Arc Informatique PcVue: Die ultimative SCADA-L\u00f6sung Mit mehr als drei Jahrzehnten Erfahrung mit SCADA-Systemen war die Auswahl der idealen Plattform zur Unterst\u00fctzung unserer migrierten Anwendungen f\u00fcr SCADA SOFT eine klare Entscheidung: PcVue erwies sich ohne Frage als die optimale Wahl. Eine intelligente Softwareplattform f\u00fcr mehr Produktivit\u00e4t &#8211; Herstellerunabh\u00e4ngigkeit &#8211; 35 Jahre Erfahrung [&hellip;]<\/p>\n","protected":false},"author":2,"featured_media":1900,"parent":0,"menu_order":0,"comment_status":"closed","ping_status":"closed","template":"elementor_header_footer","meta":{"footnotes":""},"class_list":["post-2066","page","type-page","status-publish","has-post-thumbnail","hentry"],"_links":{"self":[{"href":"https:\/\/scadasoft.com\/de\/wp-json\/wp\/v2\/pages\/2066","targetHints":{"allow":["GET"]}}],"collection":[{"href":"https:\/\/scadasoft.com\/de\/wp-json\/wp\/v2\/pages"}],"about":[{"href":"https:\/\/scadasoft.com\/de\/wp-json\/wp\/v2\/types\/page"}],"author":[{"embeddable":true,"href":"https:\/\/scadasoft.com\/de\/wp-json\/wp\/v2\/users\/2"}],"replies":[{"embeddable":true,"href":"https:\/\/scadasoft.com\/de\/wp-json\/wp\/v2\/comments?post=2066"}],"version-history":[{"count":43,"href":"https:\/\/scadasoft.com\/de\/wp-json\/wp\/v2\/pages\/2066\/revisions"}],"predecessor-version":[{"id":4443,"href":"https:\/\/scadasoft.com\/de\/wp-json\/wp\/v2\/pages\/2066\/revisions\/4443"}],"wp:featuredmedia":[{"embeddable":true,"href":"https:\/\/scadasoft.com\/de\/wp-json\/wp\/v2\/media\/1900"}],"wp:attachment":[{"href":"https:\/\/scadasoft.com\/de\/wp-json\/wp\/v2\/media?parent=2066"}],"curies":[{"name":"wp","href":"https:\/\/api.w.org\/{rel}","templated":true}]}}