{"id":2355,"date":"2023-02-01T10:58:56","date_gmt":"2023-02-01T10:58:56","guid":{"rendered":"http:\/\/alpha.scadasoft.com.185-178-193-44.225.hosttech.eu\/mentions-legales"},"modified":"2023-10-04T19:58:07","modified_gmt":"2023-10-04T18:58:07","slug":"mentions-legales","status":"publish","type":"page","link":"https:\/\/scadasoft.com\/de\/mentions-legales","title":{"rendered":"Rechtliches"},"content":{"rendered":"\t\t<div data-elementor-type=\"wp-page\" data-elementor-id=\"2355\" class=\"elementor elementor-2355 elementor-1457\">\n\t\t\t\t\t\t<section class=\"elementor-section elementor-top-section elementor-element elementor-element-4667e529 elementor-section-boxed elementor-section-height-default elementor-section-height-default\" data-id=\"4667e529\" data-element_type=\"section\">\n\t\t\t\t\t\t<div class=\"elementor-container elementor-column-gap-default\">\n\t\t\t\t\t<div class=\"elementor-column elementor-col-100 elementor-top-column elementor-element elementor-element-3354c3e8\" data-id=\"3354c3e8\" data-element_type=\"column\">\n\t\t\t<div class=\"elementor-widget-wrap elementor-element-populated\">\n\t\t\t\t\t\t<div class=\"elementor-element elementor-element-75a207c elementor-widget elementor-widget-spacer\" data-id=\"75a207c\" data-element_type=\"widget\" data-widget_type=\"spacer.default\">\n\t\t\t\t<div class=\"elementor-widget-container\">\n\t\t\t\t\t\t\t<div class=\"elementor-spacer\">\n\t\t\t<div class=\"elementor-spacer-inner\"><\/div>\n\t\t<\/div>\n\t\t\t\t\t\t<\/div>\n\t\t\t\t<\/div>\n\t\t\t\t<div class=\"elementor-element elementor-element-2330e48d elementor-widget__width-initial elementor-widget elementor-widget-text-editor\" data-id=\"2330e48d\" data-element_type=\"widget\" data-widget_type=\"text-editor.default\">\n\t\t\t\t<div class=\"elementor-widget-container\">\n\t\t\t\t\t\t\t\t\t<p><strong>RECHTLICHE HINWEISE &#8211; DATENSCHUTZ &#8211; URHEBERRECHTE<\/strong><\/p><p>Vielen Dank f\u00fcr Ihren Besuch auf der SCADA SOFT-Website! Hier sind die rechtlichen Bedingungen f\u00fcr die Nutzung unserer Website.<\/p><p>\u00a0<\/p><p><strong>Wer wir sind<\/strong><\/p><p>Unsere Website-Adresse lautet: <a href=\"https:\/\/www.scadasoft.com\">https:\/\/www.scadasoft.com<\/a><\/p><p>\u00a0<\/p><p>Dies ist die Website der Firma SCADA SOFT AG, mit Sitz an der Schleitheimerstrasse 42, 8222 Beringen in der Schweiz und gehostet von Hosttech GmbH, DATAROCK, CH &#8211; 6207 Nottwil<\/p><p>\u00a0<\/p><p>SCADA SOFT AG ist unter der Nummer CHE-112.464.298 registriert und verf\u00fcgt \u00fcber ein Kapital von 300.000 CHF und kann per Telefon unter +41 41 620 02 90 oder per E-Mail contact@scadasoft.com erreicht werden.<\/p><p>\u00a0<\/p><p><strong>Datenschutz und Datensicherheit<\/strong><\/p><p>Datenschutz und Datensicherheit sind f\u00fcr die SCADA SOFT AG sehr wichtig, ebenso wie Ihr Vertrauen in unsere Produkte und Dienstleistungen. Die SCADA SOFT AG verpflichtet sich, Ihre pers\u00f6nlichen Daten verantwortungsbewusst und in \u00dcbereinstimmung mit den geltenden gesetzlichen Bestimmungen zu verarbeiten. In dieser Datenschutzerkl\u00e4rung wird dargelegt, wie die SCADA SOFT AG, auf die im Abschnitt &#8222;Unternehmensinformationen&#8220; dieser Website Bezug genommen wird (&#8222;SCADA SOFT&#8220;, &#8222;wir&#8220;, &#8222;uns&#8220;, &#8222;unser&#8220;), Ihre personenbezogenen Daten sammelt und verarbeitet, wenn Sie die Website nutzen.<\/p><p>\u00a0<\/p><p style=\"background: white;\"><strong>Informationen, die wir sammeln, um Ihre Anfragen zu beantworten<\/strong><\/p><p style=\"margin: 0cm; background: white;\"><span style=\"font-size: 13.5pt; font-family: Roboto; color: #7a7a7a;\">Sie k\u00f6nnen unsere Website besuchen und Informationen \u00fcber unsere Produkte und Dienstleistungen erhalten, ohne uns zu sagen, wer Sie sind. Wenn Sie uns \u00fcber das &#8222;Kontaktformular&#8220; oder \u00fcber eine der automatisierten Schaltfl\u00e4chen, die eine Kontaktaufnahme mit uns anbieten, kontaktieren, erfassen wir die Daten und Informationen, die Sie uns zur Verf\u00fcgung stellen. Dazu geh\u00f6ren pers\u00f6nliche Daten wie Ihr Name, Ihre gesch\u00e4ftliche E-Mail-Adresse und Telefonnummer sowie die Adresse des Unternehmens, f\u00fcr das Sie arbeiten oder in dessen Namen Sie uns kontaktieren.<\/span><\/p><p style=\"margin: 0cm; background: white;\"><span style=\"font-size: 13.5pt; font-family: Roboto; color: #7a7a7a;\">\u00a0<\/span><\/p><p style=\"margin: 0cm; background: white;\"><span style=\"font-size: 13.5pt; font-family: Roboto; color: #7a7a7a;\">Wir verwenden Ihre personenbezogenen Daten f\u00fcr den Zweck, f\u00fcr den Sie sie uns zur Verf\u00fcgung stellen. Insbesondere verwenden wir Ihre personenbezogenen Daten, um Ihre Anfrage zu beantworten, Sie anzurufen, wenn wir Fragen zu Ihrer Anfrage haben, um Ihre Auftr\u00e4ge zu bearbeiten oder Ihnen Zugang zu weiteren Informationen oder Angeboten zu verschaffen. Da wir uns bem\u00fchen, bestehende Kunden und Interessenten \u00fcber unsere Produkte und Dienstleistungen zu informieren, kann es vorkommen, dass wir Sie im Zusammenhang mit Ihrer Anfrage erneut kontaktieren, um Sie \u00fcber neue Produkte, Dienstleistungen oder Angebote zu informieren.<\/span><\/p><p style=\"margin: 0cm; background: white;\">\u00a0<\/p><p><strong>Daten, die wir verarbeiten, um die Nutzung unserer Website zu analysieren und zu verbessern<\/strong><\/p><p>Da wir Ihnen ein optimales Nutzererlebnis bieten m\u00f6chten, analysieren wir die Nutzung dieser Website, um Erkenntnisse dar\u00fcber zu gewinnen, wie wir unsere Dienste verbessern k\u00f6nnen. Mit Ausnahme Ihrer IP-Adresse, die unter bestimmten Umst\u00e4nden als personenbezogene Daten betrachtet werden kann, handelt es sich bei diesen Informationen um anonyme Daten. Sie k\u00f6nnen auch Informationen \u00fcber die Art des Webbrowsers oder des Ger\u00e4ts, das Sie f\u00fcr den Zugriff auf die Website verwenden, die geografische Region, von der aus Sie auf die Website zugreifen, das Datum und die Uhrzeit des Zugriffs sowie die Teile unserer Websites, auf die Sie zugreifen, enthalten.<\/p><p>\u00a0<\/p><p>Wir erheben und verarbeiten Ihre personenbezogenen Daten verantwortungsbewusst und in \u00dcbereinstimmung mit den geltenden gesetzlichen Bestimmungen und der Europ\u00e4ischen Datenschutzgrundverordnung (GDRP). Wir verarbeiten Ihre personenbezogenen Daten ausschlie\u00dflich f\u00fcr die Zwecke, f\u00fcr die Sie uns die personenbezogenen Daten zur Verf\u00fcgung stellen oder f\u00fcr die in dieser Datenschutzerkl\u00e4rung genannten Zwecke.<\/p><p>\u00a0<\/p><p>Wir setzen technische und organisatorische Sicherheitsma\u00dfnahmen ein, die dem Risiko angemessen sind, um die Vertraulichkeit und Integrit\u00e4t der personenbezogenen Daten zu sch\u00fctzen, die wir \u00fcber diese Website erheben. Wir speichern Ihre personenbezogenen Daten nur in dem Umfang und so lange, wie es f\u00fcr SCADA SOFT erforderlich ist, um die Zwecke zu erf\u00fcllen, f\u00fcr die die Daten erhoben wurden, oder wenn wir gesetzlich zur Aufbewahrung der Daten verpflichtet sind.<br \/><strong><br \/><\/strong><\/p><p><strong>Newsletter-Daten und sonstige Informationsanfragen<\/strong><\/p><p>Wenn Sie den auf der Webseite angebotenen Newsletter empfangen oder weitere Informationen anfordern m\u00f6chten, ben\u00f6tigen wir von Ihnen eine E-Mail-Adresse sowie Informationen, welche uns die \u00dcberpr\u00fcfung gestatten, dass Sie der Inhaber der angegebenen E-Mail-Adresse sind und mit dem Empfang des Newsletters oder weiterer Informationen einverstanden sind. Weitere Daten werden nicht erhoben. Wir verwenden diese Daten ausschlie\u00dflich f\u00fcr den Versand der angeforderten Informationen und geben sie nicht an Dritte weiter.<\/p><p>\u00a0<\/p><p>Ihre Einwilligung zur Speicherung der Daten, der Email-Adresse sowie deren Nutzung zum Versand des Newsletters oder sonstiger Informationen k\u00f6nnen Sie jederzeit widerrufen, etwa \u00fcber den &#8222;Austragen&#8220;-Link im Newsletter oder als Anrede in einer einfachen Email an contact@scadasoft.com.<\/p><p>\u00a0<\/p><p><strong>Cookies<\/strong><br \/>Unsere Website verwendet Cookies. Wenn Sie unsere Website nutzen, k\u00f6nnen Sie zustimmen, dass Ihr Name, Ihre E-Mail-Adresse und Ihre Website in Cookies gespeichert werden. Dies dient Ihrer Bequemlichkeit, damit Sie Ihre Daten nicht erneut eingeben m\u00fcssen, wenn Sie einen weiteren Kommentar hinterlassen. Diese Cookies bleiben ein Jahr lang gespeichert.<\/p><p>\u00a0<\/p><p><strong>Eingebettete Inhalte von anderen Websites<br \/><\/strong>Artikel, Notizen, Texte, Bilder oder andere Inhalte auf dieser Website k\u00f6nnen eingebettete Inhalte enthalten (z. B. Videos, Bilder, Artikel usw.). Eingebettete Inhalte von anderen Websites verhalten sich genau so, als ob der Besucher die andere Website besucht h\u00e4tte.<\/p><p>\u00a0<\/p><p>Diese Websites k\u00f6nnen Daten \u00fcber Sie sammeln, Cookies verwenden, zus\u00e4tzliche Trackingfunktionen von Dritten einbetten und Ihre Interaktion mit diesen eingebetteten Inhalten \u00fcberwachen, einschlie\u00dflich der Verfolgung Ihrer Interaktion mit den eingebetteten Inhalten, wenn Sie ein Konto haben und auf dieser Website angemeldet sind.<\/p><p>\u00a0<\/p><p><strong>Eingebettete Inhalte von anderen Websites<br \/><\/strong>Artikel, Notizen, Texte, Bilder oder andere Inhalte auf dieser Website k\u00f6nnen eingebettete Inhalte enthalten (z. B. Videos, Bilder, Artikel usw.). Eingebettete Inhalte von anderen Websites verhalten sich genau so, als ob der Besucher die andere Website besucht h\u00e4tte.<\/p><p>\u00a0<\/p><p>Diese Websites k\u00f6nnen Daten \u00fcber Sie sammeln, Cookies verwenden, zus\u00e4tzliche Trackingfunktionen von Dritten einbetten und Ihre Interaktion mit diesen eingebetteten Inhalten \u00fcberwachen, einschlie\u00dflich der Verfolgung Ihrer Interaktion mit den eingebetteten Inhalten, wenn Sie ein Konto haben und auf dieser Website angemeldet sind.<\/p><p>\u00a0<\/p><p><strong>Haftungsausschluss: Haftung f\u00fcr Inhalte<\/strong><\/p><p>Die Inhalte unserer Seiten wurden mit gr\u00f6\u00dfter Sorgfalt erstellt. F\u00fcr die Richtigkeit, Vollst\u00e4ndigkeit und Aktualit\u00e4t der Inhalte k\u00f6nnen wir jedoch keine Gew\u00e4hr \u00fcbernehmen. Als Diensteanbieter sind wir f\u00fcr eigene Inhalte auf diesen Seiten nach den allgemeinen Gesetzen verantwortlich. Als Diensteanbieter sind wir jedoch nicht verpflichtet, \u00fcbermittelte oder gespeicherte fremde Informationen zu \u00fcberwachen oder nach Umst\u00e4nden zu forschen, die auf eine rechtswidrige T\u00e4tigkeit hinweisen. Verpflichtungen zur Entfernung oder Sperrung der Nutzung von Informationen nach den allgemeinen Gesetzen bleiben hiervon unber\u00fchrt. Eine diesbez\u00fcgliche Haftung ist jedoch erst ab dem Zeitpunkt der Kenntnis einer konkreten Rechtsverletzung m\u00f6glich. Bei Bekanntwerden von entsprechenden Rechtsverletzungen werden wir diese Inhalte umgehend entfernen.<\/p><p><strong>\u00a0<\/strong><\/p><p><strong>Haftung f\u00fcr Links<\/strong><\/p><p>Unser Angebot enth\u00e4lt Links zu externen Webseiten Dritter, auf deren Inhalte wir keinen Einfluss haben. Deshalb k\u00f6nnen wir f\u00fcr diese fremden Inhalte auch keine Gew\u00e4hr \u00fcbernehmen. F\u00fcr die Inhalte der verlinkten Seiten ist stets der jeweilige Anbieter oder Betreiber der Seiten verantwortlich. Die verlinkten Seiten wurden zum Zeitpunkt der Verlinkung auf m\u00f6gliche Rechtsverst\u00f6\u00dfe \u00fcberpr\u00fcft. Rechtswidrige Inhalte waren zum Zeitpunkt der Verlinkung nicht erkennbar. Eine permanente inhaltliche Kontrolle der verlinkten Seiten ist jedoch ohne konkrete Anhaltspunkte einer Rechtsverletzung nicht zumutbar. Bei Bekanntwerden von Rechtsverletzungen werden wir derartige Links umgehend entfernen.<\/p><p>\u00a0<\/p><p><strong>Google-Analytics<\/strong><\/p><p>Diese Website benutzt Funktionen des Webanalysedienstes Google Analytics. Google Analytics verwendet sogenannte &#8222;Cookies&#8220;. Das sind Textdateien, die auf Ihrem Computer gespeichert werden und die eine Analyse der Benutzung der Website durch Sie erm\u00f6glichen. Die durch das Cookie erzeugten Informationen \u00fcber Ihre Benutzung dieser Website werden in der Regel an einen Server von Google in den USA \u00fcbertragen und dort gespeichert. F\u00fcr den Fall eines Widerspruchs gegen die Datenerhebung verweisen wir auf die Dokumentation von Google.<\/p><p>\u00a0<\/p><p><strong>Urheberrechte und Warenzeichen<\/strong><\/p><p>Es gibt viele Hinweise auf andere Produkte oder Dienstleistungen von anderen Unternehmen als SCADA SOFT auf unserer Website. Alle diese anderen Produkte und Dienstleistungen, Namen und Marken sind Warenzeichen der jeweiligen Unternehmen. Die Angaben im Text sind unverbindlich und dienen nur zu Informationszwecken. Die Produkte k\u00f6nnen l\u00e4nderspezifische Unterschiede aufweisen.<\/p><p>\u00a0<\/p><p><strong>Bilder und Illustrationen<\/strong><\/p><p>SCADA SOFT hat alle Bilder und Illustrationen dieser Website sehr sorgf\u00e4ltig ausgew\u00e4hlt, um sicherzustellen, dass diese Ressourcen frei sind und f\u00fcr die Verwendung auf unserer Website ohne Verletzung von Rechten oder Lizenzen Dritter genehmigt sind. Die meisten der Bilder und Illustrationen wurden von ADOBE STOCK (stock.adobe.com) oder von PEXELS (www.pexels.com) oder anderen freien Internet-Ressourcen ausgew\u00e4hlt. Einige Illustrationen sind Kombinationen aus einem oder mehreren Dokumenten Dritter oder wurden von SCADA SOFT bearbeitet oder erstellt. Wir haben unser Bestes getan, um sicherzustellen, dass wir keine Rechte, Copyrights oder Lizenzen verletzen, aber sollte dies geschehen, informieren Sie uns bitte und wir werden es sofort von unserer Website entfernen.<\/p><p>\u00a0<\/p>\t\t\t\t\t\t\t\t<\/div>\n\t\t\t\t<\/div>\n\t\t\t\t<div class=\"elementor-element elementor-element-fe25eb2 elementor-widget elementor-widget-spacer\" data-id=\"fe25eb2\" data-element_type=\"widget\" data-widget_type=\"spacer.default\">\n\t\t\t\t<div class=\"elementor-widget-container\">\n\t\t\t\t\t\t\t<div class=\"elementor-spacer\">\n\t\t\t<div class=\"elementor-spacer-inner\"><\/div>\n\t\t<\/div>\n\t\t\t\t\t\t<\/div>\n\t\t\t\t<\/div>\n\t\t\t\t\t<\/div>\n\t\t<\/div>\n\t\t\t\t\t<\/div>\n\t\t<\/section>\n\t\t\t\t<\/div>\n\t\t","protected":false},"excerpt":{"rendered":"<p>RECHTLICHE HINWEISE &#8211; DATENSCHUTZ &#8211; URHEBERRECHTE Vielen Dank f\u00fcr Ihren Besuch auf der SCADA SOFT-Website! Hier sind die rechtlichen Bedingungen f\u00fcr die Nutzung unserer Website. \u00a0 Wer wir sind Unsere Website-Adresse lautet: https:\/\/www.scadasoft.com \u00a0 Dies ist die Website der Firma SCADA SOFT AG, mit Sitz an der Schleitheimerstrasse 42, 8222 Beringen in der Schweiz und [&hellip;]<\/p>\n","protected":false},"author":2,"featured_media":0,"parent":0,"menu_order":0,"comment_status":"closed","ping_status":"closed","template":"elementor_header_footer","meta":{"footnotes":""},"class_list":["post-2355","page","type-page","status-publish","hentry"],"_links":{"self":[{"href":"https:\/\/scadasoft.com\/de\/wp-json\/wp\/v2\/pages\/2355","targetHints":{"allow":["GET"]}}],"collection":[{"href":"https:\/\/scadasoft.com\/de\/wp-json\/wp\/v2\/pages"}],"about":[{"href":"https:\/\/scadasoft.com\/de\/wp-json\/wp\/v2\/types\/page"}],"author":[{"embeddable":true,"href":"https:\/\/scadasoft.com\/de\/wp-json\/wp\/v2\/users\/2"}],"replies":[{"embeddable":true,"href":"https:\/\/scadasoft.com\/de\/wp-json\/wp\/v2\/comments?post=2355"}],"version-history":[{"count":23,"href":"https:\/\/scadasoft.com\/de\/wp-json\/wp\/v2\/pages\/2355\/revisions"}],"predecessor-version":[{"id":4417,"href":"https:\/\/scadasoft.com\/de\/wp-json\/wp\/v2\/pages\/2355\/revisions\/4417"}],"wp:attachment":[{"href":"https:\/\/scadasoft.com\/de\/wp-json\/wp\/v2\/media?parent=2355"}],"curies":[{"name":"wp","href":"https:\/\/api.w.org\/{rel}","templated":true}]}}