{"id":2049,"date":"2023-01-30T11:08:02","date_gmt":"2023-01-30T11:08:02","guid":{"rendered":"http:\/\/alpha.scadasoft.com.185-178-193-44.225.hosttech.eu\/services"},"modified":"2023-10-20T14:37:53","modified_gmt":"2023-10-20T13:37:53","slug":"services","status":"publish","type":"page","link":"https:\/\/scadasoft.com\/fr\/services","title":{"rendered":"Services"},"content":{"rendered":"\t\t<div data-elementor-type=\"wp-page\" data-elementor-id=\"2049\" class=\"elementor elementor-2049 elementor-1335\">\n\t\t\t\t\t\t<section class=\"elementor-section elementor-top-section elementor-element elementor-element-1a68ea1 elementor-section-boxed elementor-section-height-default elementor-section-height-default\" data-id=\"1a68ea1\" data-element_type=\"section\">\n\t\t\t\t\t\t<div class=\"elementor-container elementor-column-gap-default\">\n\t\t\t\t\t<div class=\"elementor-column elementor-col-100 elementor-top-column elementor-element elementor-element-a74dec3\" data-id=\"a74dec3\" data-element_type=\"column\">\n\t\t\t<div class=\"elementor-widget-wrap\">\n\t\t\t\t\t\t\t<\/div>\n\t\t<\/div>\n\t\t\t\t\t<\/div>\n\t\t<\/section>\n\t\t\t\t<section class=\"elementor-section elementor-top-section elementor-element elementor-element-68ae9b8 elementor-section-boxed elementor-section-height-default elementor-section-height-default\" data-id=\"68ae9b8\" data-element_type=\"section\">\n\t\t\t\t\t\t<div class=\"elementor-container elementor-column-gap-default\">\n\t\t\t\t\t<div class=\"elementor-column elementor-col-100 elementor-top-column elementor-element elementor-element-5f1cacb\" data-id=\"5f1cacb\" data-element_type=\"column\">\n\t\t\t<div class=\"elementor-widget-wrap elementor-element-populated\">\n\t\t\t\t\t\t<div class=\"elementor-element elementor-element-75e4aba7 elementor-widget elementor-widget-notech-about\" data-id=\"75e4aba7\" data-element_type=\"widget\" id=\"Only\" data-widget_type=\"notech-about.default\">\n\t\t\t\t<div class=\"elementor-widget-container\">\n\t\t\t\t\t\t<!--Tech Services Start-->\n\t<section class=\"tech-services\">\n\t\t<div class=\"container\">\n\t\t\t<div class=\"row\">\n\t\t\t\t<div class=\"col-xl-6\">\n\t\t\t\t\t<div class=\"tech-services__left\">\n\t\t\t\t\t\t<div class=\"tech-services__img-box wow slideInLeft\" data-wow-delay=\"100ms\" data-wow-duration=\"2500ms\">\n\t\t\t\t\t\t\t\t\t\t\t\t\t\t\t<div class=\"tech-services__img\">\n\t\t\t\t\t\t\t\t\t<img decoding=\"async\" src=\"https:\/\/scadasoft.com\/wp-content\/uploads\/2023\/10\/convert-to-pcvue-2.png\" alt=\"\">\n\t\t\t\t\t\t\t\t<\/div>\n\t\t\t\t\t\t\t\t\t\t\t\t\t\t<div class=\"tech-services__img-content\">\n\t\t\t\t\t\t\t\t<p class=\"tech-services__img-text\"><\/p>\n\t\t\t\t\t\t\t\t\t\t\t\t\t\t\t\t\t<div class=\"tech-services__learn-more\">\n\t\t\t\t\t\t\t\t\t\t<a   href=\"mailto:%20info@scadasoft.com%20?%20Subject%20=%20Application%20Conversion%20Quotation\">Plus d&#039;infos<i class=\"fa fa-long-arrow-alt-right\"><\/i><\/a>\n\t\t\t\t\t\t\t\t\t<\/div>\n\t\t\t\t\t\t\t\t\t\t\t\t\t\t\t<\/div>\n\t\t\t\t\t\t<\/div>\n\t\t\t\t\t<\/div>\n\t\t\t\t<\/div>\n\t\t\t\t<div class=\"col-xl-6\">\n\t\t\t\t\t<div class=\"tech-services__right\">\n\t\t\t\t\t\t<div class=\"section-title text-left\">\n\t\t\t\t\t\t\t\t\t\t\t\t\t\t\t<div class=\"section-title__tagline-box\">\n\t\t\t\t\t\t\t\t\t<span class=\"section-title__tagline\">SCADA Smart Converter<\/span>\n\t\t\t\t\t\t\t\t\t\t\t\t\t\t\t\t\t<\/div>\n\t\t\t\t\t\t\t\t\t\t\t\t\t\t\t\t\t\t\t\t\t\t<h2 class=\"section-title__title\">Un processus clair, simple et transparent<\/h2>\n\t\t\t\t\t\t\t\t\t\t\t\t\t<\/div>\n\t\t\t\t\t\t\t\t\t\t\t\t\t<p class=\"tech-services__text\">S'engager sur la voie de la conversion d'applications SCADA avec SCADA SOFT est un voyage collaboratif et complet. Pourtant, pour de nombreuses organisations, la perspective d\u2019une refonte compl\u00e8te de leurs applications SCADA peut s\u2019av\u00e9rer une entreprise ardue et co\u00fbteuse. C'est l\u00e0 que SCADA SOFT intervient, vous proposant un parcours transformateur qui revitalise vos syst\u00e8mes existants plut\u00f4t que de les remplacer enti\u00e8rement. Voici comment nous transformons votre syst\u00e8me existant en une solution de pointe, \u00e9tape par \u00e9tape\u00a0:<\/p>\n\t\t\t\t\t\t\t\t\t\t\t\t\t\t\t\t\t\t\t<ul class=\"list-unstyled tech-services__points ml-0\">\n\t\t\t\t\t\t\t\t\t\t\t\t\t\t\t<\/ul>\n\t\t\t\t\t\t\t\t\t\t\t<\/div>\n\t\t\t\t<\/div>\n\t\t\t<\/div>\n\t\t<\/div>\n\t<\/section>\n\t<!--Tech Services End-->\n\n\t\t\t\t<\/div>\n\t\t\t\t<\/div>\n\t\t\t\t<div class=\"elementor-element elementor-element-1e2652c elementor-widget elementor-widget-toggle\" data-id=\"1e2652c\" data-element_type=\"widget\" data-widget_type=\"toggle.default\">\n\t\t\t\t<div class=\"elementor-widget-container\">\n\t\t\t\t\t\t\t<div class=\"elementor-toggle\">\n\t\t\t\t\t\t\t<div class=\"elementor-toggle-item\">\n\t\t\t\t\t<div id=\"elementor-tab-title-3161\" class=\"elementor-tab-title\" data-tab=\"1\" role=\"button\" aria-controls=\"elementor-tab-content-3161\" aria-expanded=\"false\">\n\t\t\t\t\t\t\t\t\t\t\t\t<span class=\"elementor-toggle-icon elementor-toggle-icon-left\" aria-hidden=\"true\">\n\t\t\t\t\t\t\t\t\t\t\t\t\t\t\t<span class=\"elementor-toggle-icon-closed\"><i class=\"fas fa-caret-right\"><\/i><\/span>\n\t\t\t\t\t\t\t\t<span class=\"elementor-toggle-icon-opened\"><i class=\"elementor-toggle-icon-opened fas fa-caret-up\"><\/i><\/span>\n\t\t\t\t\t\t\t\t\t\t\t\t\t<\/span>\n\t\t\t\t\t\t\t\t\t\t\t\t<a class=\"elementor-toggle-title\" tabindex=\"0\">1. La confidentialit\u00e9 d'abord - Signez d'un accord<\/a>\n\t\t\t\t\t<\/div>\n\n\t\t\t\t\t<div id=\"elementor-tab-content-3161\" class=\"elementor-tab-content elementor-clearfix\" data-tab=\"1\" role=\"region\" aria-labelledby=\"elementor-tab-title-3161\"><p>Notre voyage commence par une confiance mutuelle. Nous accordons la priorit\u00e9 \u00e0 la s\u00e9curit\u00e9 de vos donn\u00e9es et de vos id\u00e9es. Pour garantir la confidentialit\u00e9, nous commen\u00e7ons par signer un accord de non-divulgation (NDA). Votre information est en s\u00e9curit\u00e9 avec nous.<\/p><\/div>\n\t\t\t\t<\/div>\n\t\t\t\t\t\t\t<div class=\"elementor-toggle-item\">\n\t\t\t\t\t<div id=\"elementor-tab-title-3162\" class=\"elementor-tab-title\" data-tab=\"2\" role=\"button\" aria-controls=\"elementor-tab-content-3162\" aria-expanded=\"false\">\n\t\t\t\t\t\t\t\t\t\t\t\t<span class=\"elementor-toggle-icon elementor-toggle-icon-left\" aria-hidden=\"true\">\n\t\t\t\t\t\t\t\t\t\t\t\t\t\t\t<span class=\"elementor-toggle-icon-closed\"><i class=\"fas fa-caret-right\"><\/i><\/span>\n\t\t\t\t\t\t\t\t<span class=\"elementor-toggle-icon-opened\"><i class=\"elementor-toggle-icon-opened fas fa-caret-up\"><\/i><\/span>\n\t\t\t\t\t\t\t\t\t\t\t\t\t<\/span>\n\t\t\t\t\t\t\t\t\t\t\t\t<a class=\"elementor-toggle-title\" tabindex=\"0\">2. Audit gratuit de votre ancienne application<\/a>\n\t\t\t\t\t<\/div>\n\n\t\t\t\t\t<div id=\"elementor-tab-content-3162\" class=\"elementor-tab-content elementor-clearfix\" data-tab=\"2\" role=\"region\" aria-labelledby=\"elementor-tab-title-3162\"><p>Une fois le NDA en place, nous plongeons au c\u0153ur de votre application SCADA existante. Nos experts effectuent une \u00e9valuation automatis\u00e9e m\u00e9ticuleuse et approfondie, examinant chaque facette de votre syst\u00e8me. Cette \u00e9valuation est enti\u00e8rement gratuite. C\u2019est notre fa\u00e7on de comprendre vos besoins et vos d\u00e9fis uniques.<\/p><p>SCADA SOFT fournit un rapport complet avec ce qui sera enti\u00e8rement converti et \u00e9ventuellement les parties de l&rsquo;application n\u00e9cessitant un travail suppl\u00e9mentaire et ce qui ne sera pas migr\u00e9 (rarement).<\/p><\/div>\n\t\t\t\t<\/div>\n\t\t\t\t\t\t\t<div class=\"elementor-toggle-item\">\n\t\t\t\t\t<div id=\"elementor-tab-title-3163\" class=\"elementor-tab-title\" data-tab=\"3\" role=\"button\" aria-controls=\"elementor-tab-content-3163\" aria-expanded=\"false\">\n\t\t\t\t\t\t\t\t\t\t\t\t<span class=\"elementor-toggle-icon elementor-toggle-icon-left\" aria-hidden=\"true\">\n\t\t\t\t\t\t\t\t\t\t\t\t\t\t\t<span class=\"elementor-toggle-icon-closed\"><i class=\"fas fa-caret-right\"><\/i><\/span>\n\t\t\t\t\t\t\t\t<span class=\"elementor-toggle-icon-opened\"><i class=\"elementor-toggle-icon-opened fas fa-caret-up\"><\/i><\/span>\n\t\t\t\t\t\t\t\t\t\t\t\t\t<\/span>\n\t\t\t\t\t\t\t\t\t\t\t\t<a class=\"elementor-toggle-title\" tabindex=\"0\">3. Offre sur mesure<\/a>\n\t\t\t\t\t<\/div>\n\n\t\t\t\t\t<div id=\"elementor-tab-content-3163\" class=\"elementor-tab-content elementor-clearfix\" data-tab=\"3\" role=\"region\" aria-labelledby=\"elementor-tab-title-3163\"><p>Une fois que nous avons saisi dans les moindres d\u00e9tails votre configuration actuelle, nous vous proposons un devis d\u00e9taill\u00e9. Cette proposition compl\u00e8te d\u00e9crit la port\u00e9e des travaux, les d\u00e9lais et les co\u00fbts impliqu\u00e9s dans le processus de conversion. Nous travaillons en \u00e9troite collaboration avec vous pour garantir que chaque aspect correspond \u00e0 vos objectifs.<\/p><\/div>\n\t\t\t\t<\/div>\n\t\t\t\t\t\t\t<div class=\"elementor-toggle-item\">\n\t\t\t\t\t<div id=\"elementor-tab-title-3164\" class=\"elementor-tab-title\" data-tab=\"4\" role=\"button\" aria-controls=\"elementor-tab-content-3164\" aria-expanded=\"false\">\n\t\t\t\t\t\t\t\t\t\t\t\t<span class=\"elementor-toggle-icon elementor-toggle-icon-left\" aria-hidden=\"true\">\n\t\t\t\t\t\t\t\t\t\t\t\t\t\t\t<span class=\"elementor-toggle-icon-closed\"><i class=\"fas fa-caret-right\"><\/i><\/span>\n\t\t\t\t\t\t\t\t<span class=\"elementor-toggle-icon-opened\"><i class=\"elementor-toggle-icon-opened fas fa-caret-up\"><\/i><\/span>\n\t\t\t\t\t\t\t\t\t\t\t\t\t<\/span>\n\t\t\t\t\t\t\t\t\t\t\t\t<a class=\"elementor-toggle-title\" tabindex=\"0\">4. Conversion et tests automatis\u00e9s<\/a>\n\t\t\t\t\t<\/div>\n\n\t\t\t\t\t<div id=\"elementor-tab-content-3164\" class=\"elementor-tab-content elementor-clearfix\" data-tab=\"4\" role=\"region\" aria-labelledby=\"elementor-tab-title-3164\"><p>D\u00e8s votre accord avec le devis, nous passons \u00e0 l&rsquo;action. Notre \u00e9quipe convertit m\u00e9ticuleusement votre application existante en une application moderne, en tirant parti des derni\u00e8res technologies et des meilleures pratiques. Tout au long de cette phase, nous effectuons des tests automatis\u00e9s pour garantir la fiabilit\u00e9 et la fonctionnalit\u00e9 du nouveau syst\u00e8me.<\/p><\/div>\n\t\t\t\t<\/div>\n\t\t\t\t\t\t\t<div class=\"elementor-toggle-item\">\n\t\t\t\t\t<div id=\"elementor-tab-title-3165\" class=\"elementor-tab-title\" data-tab=\"5\" role=\"button\" aria-controls=\"elementor-tab-content-3165\" aria-expanded=\"false\">\n\t\t\t\t\t\t\t\t\t\t\t\t<span class=\"elementor-toggle-icon elementor-toggle-icon-left\" aria-hidden=\"true\">\n\t\t\t\t\t\t\t\t\t\t\t\t\t\t\t<span class=\"elementor-toggle-icon-closed\"><i class=\"fas fa-caret-right\"><\/i><\/span>\n\t\t\t\t\t\t\t\t<span class=\"elementor-toggle-icon-opened\"><i class=\"elementor-toggle-icon-opened fas fa-caret-up\"><\/i><\/span>\n\t\t\t\t\t\t\t\t\t\t\t\t\t<\/span>\n\t\t\t\t\t\t\t\t\t\t\t\t<a class=\"elementor-toggle-title\" tabindex=\"0\">5. Livraison de l'application pour \u00e9valuation<\/a>\n\t\t\t\t\t<\/div>\n\n\t\t\t\t\t<div id=\"elementor-tab-content-3165\" class=\"elementor-tab-content elementor-clearfix\" data-tab=\"5\" role=\"region\" aria-labelledby=\"elementor-tab-title-3165\"><p>La qualit\u00e9 est notre marque de fabrique. Avant la finalisation, nous vous livrons l\u2019application convertie pour test et \u00e9valuation. Cette phase pratique vous permet d&rsquo;explorer les nouvelles caract\u00e9ristiques et fonctionnalit\u00e9s. Si une pi\u00e8ce n\u00e9cessite une attention suppl\u00e9mentaire, nous collaborons pour cr\u00e9er des solutions de contournement efficaces.<\/p><\/div>\n\t\t\t\t<\/div>\n\t\t\t\t\t\t\t<div class=\"elementor-toggle-item\">\n\t\t\t\t\t<div id=\"elementor-tab-title-3166\" class=\"elementor-tab-title\" data-tab=\"6\" role=\"button\" aria-controls=\"elementor-tab-content-3166\" aria-expanded=\"false\">\n\t\t\t\t\t\t\t\t\t\t\t\t<span class=\"elementor-toggle-icon elementor-toggle-icon-left\" aria-hidden=\"true\">\n\t\t\t\t\t\t\t\t\t\t\t\t\t\t\t<span class=\"elementor-toggle-icon-closed\"><i class=\"fas fa-caret-right\"><\/i><\/span>\n\t\t\t\t\t\t\t\t<span class=\"elementor-toggle-icon-opened\"><i class=\"elementor-toggle-icon-opened fas fa-caret-up\"><\/i><\/span>\n\t\t\t\t\t\t\t\t\t\t\t\t\t<\/span>\n\t\t\t\t\t\t\t\t\t\t\t\t<a class=\"elementor-toggle-title\" tabindex=\"0\">6. Reinstallation et r\u00e9ception d\u00e9finitive<\/a>\n\t\t\t\t\t<\/div>\n\n\t\t\t\t\t<div id=\"elementor-tab-content-3166\" class=\"elementor-tab-content elementor-clearfix\" data-tab=\"6\" role=\"region\" aria-labelledby=\"elementor-tab-title-3166\"><p>Une fois vos commentaires int\u00e9gr\u00e9s, vous pouvez proc\u00e9der \u00e0 la r\u00e9installation de l&rsquo;application am\u00e9lior\u00e9e. Cette installation est transparente et minimise les temps d\u2019arr\u00eat. Enfin, vous effectuez la mise en service finale pour vous assurer que votre syst\u00e8me SCADA fonctionne au mieux.<\/p><\/div>\n\t\t\t\t<\/div>\n\t\t\t\t\t\t\t\t<\/div>\n\t\t\t\t\t\t<\/div>\n\t\t\t\t<\/div>\n\t\t\t\t\t<\/div>\n\t\t<\/div>\n\t\t\t\t\t<\/div>\n\t\t<\/section>\n\t\t\t\t<section class=\"elementor-section elementor-top-section elementor-element elementor-element-40b30983 elementor-section-full_width elementor-section-height-default elementor-section-height-default\" data-id=\"40b30983\" data-element_type=\"section\">\n\t\t\t\t\t\t<div class=\"elementor-container elementor-column-gap-no\">\n\t\t\t\t\t<div class=\"elementor-column elementor-col-100 elementor-top-column elementor-element elementor-element-89a4984\" data-id=\"89a4984\" data-element_type=\"column\">\n\t\t\t<div class=\"elementor-widget-wrap elementor-element-populated\">\n\t\t\t\t\t\t<div class=\"elementor-element elementor-element-3c1853d8 elementor-widget elementor-widget-notech-about\" data-id=\"3c1853d8\" data-element_type=\"widget\" id=\"convert\" data-widget_type=\"notech-about.default\">\n\t\t\t\t<div class=\"elementor-widget-container\">\n\t\t\t\t\t\t<!--Get To Know Start-->\n\t<section class=\"get-to-know\">\n\t\t<div class=\"container\">\n\t\t\t<div class=\"row\">\n\t\t\t\t<div class=\"col-xl-6\">\n\t\t\t\t\t<div class=\"get-to-know__left wow slideInLeft\" data-wow-delay=\"100ms\" data-wow-duration=\"2500ms\">\n\t\t\t\t\t\t<div class=\"get-to-know__img-box\">\n\t\t\t\t\t\t\t\t\t\t\t\t\t\t\t<div class=\"get-to-know__img\">\n\t\t\t\t\t\t\t\t\t<img decoding=\"async\" src=\"https:\/\/scadasoft.com\/wp-content\/uploads\/2023\/09\/No-surprise.png\" alt=\"\">\n\t\t\t\t\t\t\t\t<\/div>\n\t\t\t\t\t\t\t                            \t\t\t\t\t\t\t                            \t\t\t\t\t\t\t\t\t\t\t\t\t\t\t<div class=\"get-to-know-shape-1\"><img decoding=\"async\" src=\"https:\/\/layerdrops.com\/notechwp\/wp-content\/uploads\/2022\/04\/get-to-know-shape-1.png\" alt=\"\"><\/div>\n\t\t\t\t\t\t\t\t\t\t\t\t\t<\/div>\n\t\t\t\t\t<\/div>\n\t\t\t\t<\/div>\n\t\t\t\t<div class=\"col-xl-6\">\n\t\t\t\t\t<div class=\"get-to-know__right\">\n\t\t\t\t\t\t<div class=\"section-title text-left\">\n\t\t\t\t\t\t\t\t\t\t\t\t\t\t\t<div class=\"section-title__tagline-box\">\n\t\t\t\t\t\t\t\t\t<span class=\"section-title__tagline\">L'outil magique<\/span>\n\t\t\t\t\t\t\t\t\t\t\t\t\t\t\t\t\t\t\t<div class=\"section-title-shape\">\n\t\t\t\t\t\t\t\t\t\t\t<img decoding=\"async\" src=\"https:\/\/layerdrops.com\/notechwp\/wp-content\/uploads\/2022\/04\/sec-shape-1-1.png\" alt=\"\">\n\t\t\t\t\t\t\t\t\t\t<\/div>\n\t\t\t\t\t\t\t\t\t\t\t\t\t\t\t\t\t<\/div>\n\t\t\t\t\t\t\t\t\t\t\t\t\t\t\t\t\t\t\t\t\t\t<h2 class=\"section-title__title\">Vous savez pr\u00e9cis\u00e9ment<br>ce que vous allez avoir !<\/h2>\n\t\t\t\t\t\t\t\t\t\t\t\t\t<\/div>\n\t\t\t\t\t\t\t\t\t\t\t\t\t<p class=\"get-to-know__text\">Gr\u00e2ce \u00e0 notre phase d\u2019audit compl\u00e8te, vous comprenez parfaitement \u00e0 quoi vous attendre. A la fin de l'\u00e9valuation, SCADA SOFT vous montrera d\u00e9j\u00e0 une partie de votre application fonctionnant avec le nouveau SCADA. Cette analyse d\u00e9taill\u00e9e r\u00e9v\u00e8le pr\u00e9cis\u00e9ment quels \u00e9l\u00e9ments passeront de mani\u00e8re transparente dans le nouveau syst\u00e8me, identifie les domaines qui peuvent n\u00e9cessiter une refonte ou des solutions de contournement innovantes, et met en \u00e9vidence tous les composants qui, bien que peu fr\u00e9quents, pourraient ne pas migrer du tout.<\/p>\n\t\t\t\t\t\t\t\t\t\t\t\t\t\t\t\t\t\t\t<ul class=\"list-unstyled get-to-know__points ml-0\">\n\t\t\t\t\t\t\t\t\t\t\t\t\t\t\t<\/ul>\n\t\t\t\t\t\t\t\t\t\t\t\t<div class=\"get-to-know__it-solutions\">\n\t\t\t\t\t\t\t<div class=\"get-to-know__it-solutions-icon icon-svg-large\">\n\t\t\t\t\t\t\t\t\t\t\t\t\t\t\t<\/div>\n\t\t\t\t\t\t\t<div class=\"get-to-know__it-solutions-text-box\">\n\t\t\t\t\t\t\t\t<p class=\"get-to-know__it-solutions-text\">\n\n<\/p>\n\t\t\t\t\t\t\t<\/div>\n\t\t\t\t\t\t<\/div>\n\t\t\t\t\t\t\t\t\t\t\t\t<a   href=\"mailto:info@scadasoft.com%20?subject=SCADA%20SOFT%20Migration%20:%20try%20it%20!%20\" class=\"get-to-know__btn thm-btn\">Faites un test !<\/a>\n                        \n\t\t\t\t\t<\/div>\n\t\t\t\t<\/div>\n\t\t\t<\/div>\n\t\t<\/div>\n\t<\/section>\n\t<!--Get To Know End-->\n\t\t\t\t<\/div>\n\t\t\t\t<\/div>\n\t\t\t\t<div class=\"elementor-element elementor-element-462d7126 elementor-widget elementor-widget-notech-about\" data-id=\"462d7126\" data-element_type=\"widget\" id=\"simple\" data-widget_type=\"notech-about.default\">\n\t\t\t\t<div class=\"elementor-widget-container\">\n\t\t\t\t\t\t<!--Get To Know Start-->\n\t<section class=\"get-to-know\">\n\t\t<div class=\"container\">\n\t\t\t<div class=\"row\">\n\t\t\t\t<div class=\"col-xl-6\">\n\t\t\t\t\t<div class=\"get-to-know__left wow slideInLeft\" data-wow-delay=\"100ms\" data-wow-duration=\"2500ms\">\n\t\t\t\t\t\t<div class=\"get-to-know__img-box\">\n\t\t\t\t\t\t\t\t\t\t\t\t\t\t\t<div class=\"get-to-know__img\">\n\t\t\t\t\t\t\t\t\t<img decoding=\"async\" src=\"https:\/\/scadasoft.com\/wp-content\/uploads\/2023\/09\/ecran-pcvue.jpg\" alt=\"\">\n\t\t\t\t\t\t\t\t<\/div>\n\t\t\t\t\t\t\t                            \t\t\t\t\t\t\t                            \t\t\t\t\t\t\t\t\t\t\t\t\t\t\t<div class=\"get-to-know-shape-1\"><img decoding=\"async\" src=\"https:\/\/layerdrops.com\/notechwp\/wp-content\/uploads\/2022\/04\/get-to-know-shape-1.png\" alt=\"\"><\/div>\n\t\t\t\t\t\t\t\t\t\t\t\t\t<\/div>\n\t\t\t\t\t<\/div>\n\t\t\t\t<\/div>\n\t\t\t\t<div class=\"col-xl-6\">\n\t\t\t\t\t<div class=\"get-to-know__right\">\n\t\t\t\t\t\t<div class=\"section-title text-left\">\n\t\t\t\t\t\t\t\t\t\t\t\t\t\t\t<div class=\"section-title__tagline-box\">\n\t\t\t\t\t\t\t\t\t<span class=\"section-title__tagline\">Plus d'informations sur PcVue<\/span>\n\t\t\t\t\t\t\t\t\t\t\t\t\t\t\t\t\t\t\t<div class=\"section-title-shape\">\n\t\t\t\t\t\t\t\t\t\t\t<img decoding=\"async\" src=\"https:\/\/layerdrops.com\/notechwp\/wp-content\/uploads\/2022\/04\/sec-shape-1-1.png\" alt=\"\">\n\t\t\t\t\t\t\t\t\t\t<\/div>\n\t\t\t\t\t\t\t\t\t\t\t\t\t\t\t\t\t<\/div>\n\t\t\t\t\t\t\t\t\t\t\t\t\t\t\t\t\t\t\t\t\t\t<h2 class=\"section-title__title\">PcVue: Le SCADA ind\u00e9pendant et p\u00e9renne<\/h2>\n\t\t\t\t\t\t\t\t\t\t\t\t\t<\/div>\n\t\t\t\t\t\t\t\t\t\t\t\t\t<p class=\"get-to-know__text\">PcVue est le r\u00e9sultat de plus de 35 ans d'exp\u00e9rience dans les logiciels de surveillance et de contr\u00f4le. La plateforme PcVue vous permet de d\u00e9velopper de nouvelles applications et de prendre en charge la migration des syst\u00e8mes pr\u00e9c\u00e9dents, tout en atteignant les plus hauts niveaux de productivit\u00e9 et d'innovation. PcVue profite pleinement des derni\u00e8res technologies et vous permet d'optimiser le contr\u00f4le de vos processus. De plus, il est dot\u00e9 de fonctionnalit\u00e9s efficaces pour mettre en place un syst\u00e8me fiable et ouvert avec des co\u00fbts de d\u00e9veloppement limit\u00e9s et dot\u00e9 du dernier design UX. Construit sur les derni\u00e8res technologies, il dispose d'une plateforme HTML5 web et mobile innovante bas\u00e9e sur EasyMobileTechnology, sp\u00e9cifiquement d\u00e9velopp\u00e9e par Arc Informatique pour un d\u00e9ploiement simple et s\u00e9curis\u00e9.<\/p>\n\t\t\t\t\t\t\t\t\t\t\t\t\t\t\t\t\t\t\t<ul class=\"list-unstyled get-to-know__points ml-0\">\n\t\t\t\t\t\t\t\t\t\t\t\t\t\t\t<\/ul>\n\t\t\t\t\t\t\t\t\t\t\t\t<div class=\"get-to-know__it-solutions\">\n\t\t\t\t\t\t\t<div class=\"get-to-know__it-solutions-icon icon-svg-large\">\n\t\t\t\t\t\t\t\t\t\t\t\t\t\t\t<\/div>\n\t\t\t\t\t\t\t<div class=\"get-to-know__it-solutions-text-box\">\n\t\t\t\t\t\t\t\t<p class=\"get-to-know__it-solutions-text\">\n\n<\/p>\n\t\t\t\t\t\t\t<\/div>\n\t\t\t\t\t\t<\/div>\n\t\t\t\t\t\t\t\t\t\t\t\t<a   href=\"mailto:contact@scadasoft.com%20?subject=SCADA%20SOFT%20Service%20Program%20elligible%20?\" class=\"get-to-know__btn thm-btn\">Rejoignez-nous !<\/a>\n                        \n\t\t\t\t\t<\/div>\n\t\t\t\t<\/div>\n\t\t\t<\/div>\n\t\t<\/div>\n\t<\/section>\n\t<!--Get To Know End-->\n\t\t\t\t<\/div>\n\t\t\t\t<\/div>\n\t\t\t\t<div class=\"elementor-element elementor-element-4522d4fe elementor-widget elementor-widget-notech-about\" data-id=\"4522d4fe\" data-element_type=\"widget\" id=\"specialist\" data-widget_type=\"notech-about.default\">\n\t\t\t\t<div class=\"elementor-widget-container\">\n\t\t\t\t\t\t<!--Get To Know Start-->\n\t<section class=\"get-to-know\">\n\t\t<div class=\"container\">\n\t\t\t<div class=\"row\">\n\t\t\t\t<div class=\"col-xl-6\">\n\t\t\t\t\t<div class=\"get-to-know__left wow slideInLeft\" data-wow-delay=\"100ms\" data-wow-duration=\"2500ms\">\n\t\t\t\t\t\t<div class=\"get-to-know__img-box\">\n\t\t\t\t\t\t\t\t\t\t\t\t\t\t\t<div class=\"get-to-know__img\">\n\t\t\t\t\t\t\t\t\t<img decoding=\"async\" src=\"https:\/\/scadasoft.com\/wp-content\/uploads\/2023\/02\/AdobeStock_258272752-reworked.png\" alt=\"\">\n\t\t\t\t\t\t\t\t<\/div>\n\t\t\t\t\t\t\t                            \t\t\t\t\t\t\t                            \t\t\t\t\t\t\t\t\t\t\t\t\t\t\t<div class=\"get-to-know-shape-1\"><img decoding=\"async\" src=\"https:\/\/layerdrops.com\/notechwp\/wp-content\/uploads\/2022\/04\/get-to-know-shape-1.png\" alt=\"\"><\/div>\n\t\t\t\t\t\t\t\t\t\t\t\t\t<\/div>\n\t\t\t\t\t<\/div>\n\t\t\t\t<\/div>\n\t\t\t\t<div class=\"col-xl-6\">\n\t\t\t\t\t<div class=\"get-to-know__right\">\n\t\t\t\t\t\t<div class=\"section-title text-left\">\n\t\t\t\t\t\t\t\t\t\t\t\t\t\t\t<div class=\"section-title__tagline-box\">\n\t\t\t\t\t\t\t\t\t<span class=\"section-title__tagline\">Tout ce dont vous avez besoin<\/span>\n\t\t\t\t\t\t\t\t\t\t\t\t\t\t\t\t\t\t\t<div class=\"section-title-shape\">\n\t\t\t\t\t\t\t\t\t\t\t<img decoding=\"async\" src=\"https:\/\/layerdrops.com\/notechwp\/wp-content\/uploads\/2022\/04\/sec-shape-1-1.png\" alt=\"\">\n\t\t\t\t\t\t\t\t\t\t<\/div>\n\t\t\t\t\t\t\t\t\t\t\t\t\t\t\t\t\t<\/div>\n\t\t\t\t\t\t\t\t\t\t\t\t\t\t\t\t\t\t\t\t\t\t<h2 class=\"section-title__title\">Le sp\u00e9cialiste des services SCADA \n<\/h2>\n\t\t\t\t\t\t\t\t\t\t\t\t\t<\/div>\n\t\t\t\t\t\t\t\t\t\t\t\t\t<p class=\"get-to-know__text\">SCADA SOFT peut proposer une gamme compl\u00e8te de services, comprenant l'assistance technique, la formation, la maintenance, l'audit et le support au d\u00e9veloppement. Nous pouvons \u00e9galement fournir un support applicatif pour votre application SCADA existante et vous aider \u00e0 migrer.<\/p>\n\t\t\t\t\t\t\t\t\t\t\t\t\t\t\t\t\t\t\t<ul class=\"list-unstyled get-to-know__points ml-0\">\n\t\t\t\t\t\t\t\t\t\t\t\t\t\t\t<\/ul>\n\t\t\t\t\t\t\t\t\t\t\t\t<div class=\"get-to-know__it-solutions\">\n\t\t\t\t\t\t\t<div class=\"get-to-know__it-solutions-icon icon-svg-large\">\n\t\t\t\t\t\t\t\t\t\t\t\t\t\t\t<\/div>\n\t\t\t\t\t\t\t<div class=\"get-to-know__it-solutions-text-box\">\n\t\t\t\t\t\t\t\t<p class=\"get-to-know__it-solutions-text\">\n\n<\/p>\n\t\t\t\t\t\t\t<\/div>\n\t\t\t\t\t\t<\/div>\n\t\t\t\t\t\t\t\t\t\t\t\t<a   href=\"mailto:info@scadasoft.com%20?subject=SCADA%20SOFT%20Services%20inquiry\" class=\"get-to-know__btn thm-btn\">Prenez contact!<\/a>\n                        \n\t\t\t\t\t<\/div>\n\t\t\t\t<\/div>\n\t\t\t<\/div>\n\t\t<\/div>\n\t<\/section>\n\t<!--Get To Know End-->\n\t\t\t\t<\/div>\n\t\t\t\t<\/div>\n\t\t\t\t\t<\/div>\n\t\t<\/div>\n\t\t\t\t\t<\/div>\n\t\t<\/section>\n\t\t\t\t<section class=\"elementor-section elementor-top-section elementor-element elementor-element-b0373f7 elementor-section-boxed elementor-section-height-default elementor-section-height-default\" data-id=\"b0373f7\" data-element_type=\"section\">\n\t\t\t\t\t\t<div class=\"elementor-container elementor-column-gap-default\">\n\t\t\t\t\t<div class=\"elementor-column elementor-col-100 elementor-top-column elementor-element elementor-element-54272a1\" data-id=\"54272a1\" data-element_type=\"column\">\n\t\t\t<div class=\"elementor-widget-wrap\">\n\t\t\t\t\t\t\t<\/div>\n\t\t<\/div>\n\t\t\t\t\t<\/div>\n\t\t<\/section>\n\t\t\t\t<\/div>\n\t\t","protected":false},"excerpt":{"rendered":"<p>Plus d&#039;infos SCADA Smart Converter Un processus clair, simple et transparent S&rsquo;engager sur la voie de la conversion d&rsquo;applications SCADA avec SCADA SOFT est un voyage collaboratif et complet. Pourtant, pour de nombreuses organisations, la perspective d\u2019une refonte compl\u00e8te de leurs applications SCADA peut s\u2019av\u00e9rer une entreprise ardue et co\u00fbteuse. C&rsquo;est l\u00e0 que SCADA SOFT [&hellip;]<\/p>\n","protected":false},"author":2,"featured_media":0,"parent":0,"menu_order":0,"comment_status":"closed","ping_status":"closed","template":"elementor_header_footer","meta":{"footnotes":""},"class_list":["post-2049","page","type-page","status-publish","hentry"],"_links":{"self":[{"href":"https:\/\/scadasoft.com\/fr\/wp-json\/wp\/v2\/pages\/2049","targetHints":{"allow":["GET"]}}],"collection":[{"href":"https:\/\/scadasoft.com\/fr\/wp-json\/wp\/v2\/pages"}],"about":[{"href":"https:\/\/scadasoft.com\/fr\/wp-json\/wp\/v2\/types\/page"}],"author":[{"embeddable":true,"href":"https:\/\/scadasoft.com\/fr\/wp-json\/wp\/v2\/users\/2"}],"replies":[{"embeddable":true,"href":"https:\/\/scadasoft.com\/fr\/wp-json\/wp\/v2\/comments?post=2049"}],"version-history":[{"count":85,"href":"https:\/\/scadasoft.com\/fr\/wp-json\/wp\/v2\/pages\/2049\/revisions"}],"predecessor-version":[{"id":4688,"href":"https:\/\/scadasoft.com\/fr\/wp-json\/wp\/v2\/pages\/2049\/revisions\/4688"}],"wp:attachment":[{"href":"https:\/\/scadasoft.com\/fr\/wp-json\/wp\/v2\/media?parent=2049"}],"curies":[{"name":"wp","href":"https:\/\/api.w.org\/{rel}","templated":true}]}}