{"id":2063,"date":"2023-01-30T10:57:01","date_gmt":"2023-01-30T10:57:01","guid":{"rendered":"http:\/\/alpha.scadasoft.com.185-178-193-44.225.hosttech.eu\/a-propos"},"modified":"2023-10-06T17:09:40","modified_gmt":"2023-10-06T16:09:40","slug":"about","status":"publish","type":"page","link":"https:\/\/scadasoft.com\/fr\/about","title":{"rendered":"A propos"},"content":{"rendered":"\t\t<div data-elementor-type=\"wp-page\" data-elementor-id=\"2063\" class=\"elementor elementor-2063 elementor-1324\">\n\t\t\t\t\t\t<section class=\"elementor-section elementor-top-section elementor-element elementor-element-4ab8922b elementor-section-full_width elementor-section-height-default elementor-section-height-default\" data-id=\"4ab8922b\" data-element_type=\"section\">\n\t\t\t\t\t\t<div class=\"elementor-container elementor-column-gap-no\">\n\t\t\t\t\t<div class=\"elementor-column elementor-col-100 elementor-top-column elementor-element elementor-element-16f5ba35\" data-id=\"16f5ba35\" data-element_type=\"column\">\n\t\t\t<div class=\"elementor-widget-wrap\">\n\t\t\t\t\t\t\t<\/div>\n\t\t<\/div>\n\t\t\t\t\t<\/div>\n\t\t<\/section>\n\t\t\t\t<section class=\"elementor-section elementor-top-section elementor-element elementor-element-36f6e791 elementor-section-full_width elementor-section-height-default elementor-section-height-default\" data-id=\"36f6e791\" data-element_type=\"section\">\n\t\t\t\t\t\t<div class=\"elementor-container elementor-column-gap-no\">\n\t\t\t\t\t<div class=\"elementor-column elementor-col-100 elementor-top-column elementor-element elementor-element-25cec864\" data-id=\"25cec864\" data-element_type=\"column\">\n\t\t\t<div class=\"elementor-widget-wrap\">\n\t\t\t\t\t\t\t<\/div>\n\t\t<\/div>\n\t\t\t\t\t<\/div>\n\t\t<\/section>\n\t\t\t\t<section class=\"elementor-section elementor-top-section elementor-element elementor-element-9392caf elementor-section-full_width elementor-section-height-default elementor-section-height-default\" data-id=\"9392caf\" data-element_type=\"section\">\n\t\t\t\t\t\t<div class=\"elementor-container elementor-column-gap-no\">\n\t\t\t\t\t<div class=\"elementor-column elementor-col-100 elementor-top-column elementor-element elementor-element-140ed5b0\" data-id=\"140ed5b0\" data-element_type=\"column\">\n\t\t\t<div class=\"elementor-widget-wrap elementor-element-populated\">\n\t\t\t\t\t\t<div class=\"elementor-element elementor-element-57f32017 elementor-widget elementor-widget-notech-about\" data-id=\"57f32017\" data-element_type=\"widget\" data-widget_type=\"notech-about.default\">\n\t\t\t\t<div class=\"elementor-widget-container\">\n\t\t\t\t\t\t<!--Welcome Start-->\n\t<section class=\"welcome\">\n\t\t<div class=\"container\">\n\t\t\t<div class=\"row\">\n\t\t\t\t<div class=\"col-xl-6\">\n\t\t\t\t\t<div class=\"welcome__left\">\n\t\t\t\t\t\t<div class=\"row\">\n\t\t\t\t\t\t\t<div class=\"col-xl-6 col-lg-6 col-md-6\">\n\t\t\t\t\t\t\t\t<div class=\"welcome__left-inner-1\">\n\t\t\t\t\t\t\t\t\t\t\t\t\t\t\t\t\t\t\t\t\t\t\t\t\t\t\t\t\t\t<div class=\"welcome__single\">\n\t\t\t\t\t\t\t\t\t\t\t\t<div class=\"welcome__content marb-30\">\n\t\t\t\t\t\t\t\t\t\t\t\t\t<h3 class=\"odometer\" data-count=\"30\">00<\/h3>\n\t\t\t\t\t\t\t\t\t\t\t\t\t<span class=\"welcome__content-percent\">ans<\/span>\n\t\t\t\t\t\t\t\t\t\t\t\t\t<p>d'exp\u00e9rience<br>dans les applications  SCADA<\/p>\n\t\t\t\t\t\t\t\t\t\t\t\t<\/div>\n\t\t\t\t\t\t\t\t\t\t\t<\/div>\n\t\t\t\t\t\t\t\t\t\t\t\t\t\t\t\t\t\t\t\t\t\t\t\t\t\t\t\t\t\t\t\t\t\t\t\t\t\t\t\t\t\t\t\t\t\t\t\t\t\t\t\t\t\t\t\t\t\t\t\t\t\t\t\t\t\t\t\t\t\t\t\t\t\t\t\t\t\t\t\t\t\t\t\t\t\t\t<div class=\"welcome__single\">\n\t\t\t\t\t\t\t\t\t\t\t\t<div class=\"welcome__content-two\">\n\t\t\t\t\t\t\t\t\t\t\t\t\t<div class=\"welcome__content-two-bg-box\">\n                                                                                                                                                                            <video  class=\"welcome__content-two-bg\" src=\"https:\/\/scada-soft.test\/wp-content\/uploads\/2023\/02\/Aurora-Borealis-Fairbanks-Alaska-November-2.mp4\" width=\"100%\" height=\"100%\" poster=\"https:\/\/layerdrops.com\/notechwp\/wp-content\/uploads\/2022\/04\/welcome-content-bg-1.jpg\" autoplay loop muted><\/video>\n                                                        \t\t\t\t\t\t\t\t\t\t\t\t\t<\/div>\n\t\t\t\t\t\t\t\t\t\t\t\t\t<div class=\"welcome__icon icon-svg-large\">\n\t\t\t\t\t\t\t\t\t\t\t\t\t\t<span aria-hidden=\"true\" class=\"   icon-innovation\"><\/span>\t\t\t\t\t\t\t\t\t\t\t\t\t<\/div>\n\t\t\t\t\t\t\t\t\t\t\t\t\t<p>Votre partenaire<br>de confiance\n<\/p>\n\t\t\t\t\t\t\t\t\t\t\t\t<\/div>\n\t\t\t\t\t\t\t\t\t\t\t<\/div>\n\t\t\t\t\t\t\t\t\t\t\t\t\t\t\t\t\t\t\t\t\t\t\t\t\t\t\t<\/div>\n\t\t\t\t\t\t\t<\/div>\n\t\t\t\t\t\t\t<div class=\"col-xl-6 col-lg-6 col-md-6\">\n\t\t\t\t\t\t\t\t<div class=\"welcome__left-inner-2\">\n\t\t\t\t\t\t\t\t\t\t\t\t\t\t\t\t\t\t\t\t\t\t\t\t\t\t\t\t\t\t<div class=\"welcome__single\">\n\t\t\t\t\t\t\t\t\t\t\t\t<div class=\"welcome__content-two marb-30\">\n\t\t\t\t\t\t\t\t\t\t\t\t\t<div class=\"welcome__content-two-bg-box\">\n                                                                                                                                                                            <video  class=\"welcome__content-two-bg\" src=\"https:\/\/scada-soft.test\/wp-content\/uploads\/2023\/02\/Aurora-Borealis-in-Northern-Norway-3.mp4\" width=\"100%\" height=\"100%\" poster=\"https:\/\/scadasoft.com\/wp-content\/uploads\/2023\/02\/AdobeStock_290603572_LR.jpg\" autoplay loop muted><\/video>\n                                                        \t\t\t\t\t\t\t\t\t\t\t\t\t<\/div>\n\t\t\t\t\t\t\t\t\t\t\t\t\t<div class=\"welcome__icon icon-svg-large\">\n\t\t\t\t\t\t\t\t\t\t\t\t\t\t<span aria-hidden=\"true\" class=\"  icon-social-media\"><\/span>\t\t\t\t\t\t\t\t\t\t\t\t\t<\/div>\n\t\t\t\t\t\t\t\t\t\t\t\t\t<p>Fabriqu\u00e9 en<br>Suisse<br>\navec passion\n<\/p>\n\t\t\t\t\t\t\t\t\t\t\t\t<\/div>\n\t\t\t\t\t\t\t\t\t\t\t<\/div>\n\t\t\t\t\t\t\t\t\t\t\t\t\t\t\t\t\t\t\t\t\t\t\t\t\t\t\t\t\t\t\t\t\t\t\t\t\t\t\t\t\t\t\t\t\t\t\t\t\t\t\t\t\t\t\t\t\t\t\t\t\t\t\t\t\t\t\t\t\t\t\t\t\t\t\t\t\t\t\t\t\t\t\t\t\t\t\t<div class=\"welcome__single\">\n\t\t\t\t\t\t\t\t\t\t\t\t<div class=\"welcome__content\">\n\t\t\t\t\t\t\t\t\t\t\t\t\t<h3 class=\"odometer\" data-count=\"100\">00<\/h3>\n\t\t\t\t\t\t\t\t\t\t\t\t\t<span class=\"welcome__content-percent\">%<\/span>\n\t\t\t\t\t\t\t\t\t\t\t\t\t<p>D\u00e9vou\u00e9 au<br> Service Client<\/p>\n\t\t\t\t\t\t\t\t\t\t\t\t<\/div>\n\t\t\t\t\t\t\t\t\t\t\t<\/div>\n\t\t\t\t\t\t\t\t\t\t\t\t\t\t\t\t\t\t\t\t\t\t\t\t\t\t\t<\/div>\n\t\t\t\t\t\t\t<\/div>\n\t\t\t\t\t\t<\/div>\n\t\t\t\t\t<\/div>\n\t\t\t\t<\/div>\n\t\t\t\t<div class=\"col-xl-6\">\n\t\t\t\t\t<div class=\"welcome__right\">\n\t\t\t\t\t\t<div class=\"section-title text-left\">\n\t\t\t\t\t\t\t\t\t\t\t\t\t\t\t<div class=\"section-title__tagline-box\">\n\t\t\t\t\t\t\t\t\t<span class=\"section-title__tagline\">Bienvenue che SCADA SOFT AG<\/span>\n\t\t\t\t\t\t\t\t\t\t\t\t\t\t\t\t\t\t\t<div class=\"section-title-shape\">\n\t\t\t\t\t\t\t\t\t\t\t<img decoding=\"async\" src=\"https:\/\/layerdrops.com\/notechwp\/wp-content\/uploads\/2022\/04\/sec-shape-1-1.png\" alt=\"\">\n\t\t\t\t\t\t\t\t\t\t<\/div>\n\t\t\t\t\t\t\t\t\t\t\t\t\t\t\t\t\t<\/div>\n\t\t\t\t\t\t\t\t\t\t\t\t\t\t\t\t\t\t\t\t\t\t<h2 class=\"section-title__title\">La premi\u00e8re entrerprise d\u00e9vou\u00e9e au service des professionnels du SCADA<\/h2>\n\t\t\t\t\t\t\t\t\t\t\t\t\t<\/div>\n\t\t\t\t\t\tSCADA SOFT AG est une entreprise suisse fond\u00e9e par des professionnels travaillant dans l'industrie SCADA depuis plus de 30 ans. Nous sommes un fournisseur de services sp\u00e9cialis\u00e9 d\u00e9di\u00e9 aux professionnels des SCADA en fournissant des services de haut niveau qui optimisent leurs syst\u00e8mes, am\u00e9liorent l'efficacit\u00e9 op\u00e9rationnelle et \u00e9l\u00e8vent les performances globales. Gr\u00e2ce \u00e0 notre connaissance approfondie du domaine, nos solutions de pointe et notre engagement in\u00e9branlable envers la satisfaction du client, nous sommes le partenaire de confiance des professionnels SCADA du monde entier.\t\t\t\t\t\t\t\t\t\t\t<\/div>\n\t\t\t\t<\/div>\n\t\t\t<\/div>\n\t\t<\/div>\n\t<\/section>\n\t<!--Welcome End-->\n\t\t\t\t<\/div>\n\t\t\t\t<\/div>\n\t\t\t\t<div class=\"elementor-element elementor-element-6d409fd elementor-widget elementor-widget-notech-about\" data-id=\"6d409fd\" data-element_type=\"widget\" data-widget_type=\"notech-about.default\">\n\t\t\t\t<div class=\"elementor-widget-container\">\n\t\t\t\t\t\t<!--Consult Start-->\n\t<section class=\"consult\">\n\t\t<div class=\"container\">\n\t\t\t<div class=\"row\">\n\t\t\t\t<div class=\"col-xl-6 col-lg-6\">\n\t\t\t\t\t<div class=\"consult__left\">\n\t\t\t\t\t\t<div class=\"section-title text-left\">\n\t\t\t\t\t\t\t\t\t\t\t\t\t\t\t<div class=\"section-title__tagline-box\">\n\t\t\t\t\t\t\t\t\t<span class=\"section-title__tagline\">Une autre mani\u00e8re de penser<\/span>\n\t\t\t\t\t\t\t\t\t\t\t\t\t\t\t\t\t\t\t<div class=\"section-title-shape\">\n\t\t\t\t\t\t\t\t\t\t\t<img decoding=\"async\" src=\"https:\/\/layerdrops.com\/notechwp\/wp-content\/uploads\/2022\/04\/sec-shape-1-1.png\" alt=\"\">\n\t\t\t\t\t\t\t\t\t\t<\/div>\n\t\t\t\t\t\t\t\t\t\t\t\t\t\t\t\t\t<\/div>\n\t\t\t\t\t\t\t\t\t\t\t\t\t\t\t\t\t\t\t\t\t\t<h2 class=\"section-title__title\">Le SCADA est mort <br>\nVive le SCADA!\n\n<\/h2>\n\t\t\t\t\t\t\t\t\t\t\t\t\t<\/div>\n\t\t\t\t\t\t\t\t\t\t\t\t\t<p class=\"consult__text\">Un SCADA est un syst\u00e8me dont la mission est critique. L'\u00e9chec n'est pas une option. C'est pourquoi, bien au-del\u00e0 des fonctions d'un logiciel de supervision, nous pensons que la qualit\u00e9 de nos prestations est essentielle et que la relation avec nos utilisateurs est fondamentale. Nous basons toutes nos activit\u00e9s sur des valeurs fortes en coh\u00e9rence avec notre mission : <br> <br>\n\n<b>Professionnalisme\u00a0: <\/b> <br> Nous sommes des professionnels et souhaitons que cela se refl\u00e8te dans toutes nos actions. Cela implique d'une part une rigueur op\u00e9rationnelle, mais d'autre part faire preuve de suffisamment de flexibilit\u00e9 pour pouvoir faire face \u00e0 toutes les situations, m\u00eame les plus inattendues.\n<br> <br>\n\n<b>Responsabilit\u00e9\u00a0: <\/b> <br> Nous assumons la responsabilit\u00e9 de nos actions et sommes solidaires des d\u00e9fis de nos clients. Nous sommes une \u00e9quipe qui agit avec une grande conscience de l'impact social, environnemental et \u00e9conomique des actions de notre entreprise.\n<br><br>\n\n\n<b>\u00c9thique\u00a0: <\/b> <br> Nous garantissons l'\u00e9galit\u00e9 et interdisons la discrimination sous quelque forme et pour quelque motif que ce soit. Nous encourageons notre \u00e9quipe \u00e0 travailler ensemble et \u00e0 se respecter mutuellement, et \u00e0 veiller \u00e0 ce que la sant\u00e9, la s\u00e9curit\u00e9 et la dignit\u00e9 de chacun soient prot\u00e9g\u00e9es.\n<br> <br>\n\n\n<b>Licornes\u00a0: <\/b> <br> Nous aimons les licornes, et nous agissons pour leur protection car nous voulons rester humains, nous aimons les enfants et nous voulons continuer \u00e0 avoir des r\u00eaves et surtout ne pas perdre notre sens de l'humour.<\/p>\n\t\t\t\t\t\t\t\t\t\t\t\t\t\t\t\t\t\t\t<div class=\"consult__icon-box\">\n\t\t\t\t\t\t\t\t<div class=\"consult__icon icon-svg-large\">\n\t\t\t\t\t\t\t\t\t\t\t\t\t\t\t\t\t<\/div>\n\t\t\t\t\t\t\t\t<p class=\"consult__icon-text\">\n<\/p>\n\t\t\t\t\t\t\t<\/div>\n\t\t\t\t\t\t\t\t\t\t\t\t\t\t\t\t\t<\/div>\n\t\t\t\t<\/div>\n\t\t\t\t<div class=\"col-xl-6 col-lg-6\">\n\t\t\t\t\t<div class=\"consult__right\">\n\t\t\t\t\t\t<div class=\"consult__img wow slideInRight\" data-wow-delay=\"100ms\" data-wow-duration=\"2500ms\">\n\t\t\t\t\t\t\t                                                            <video src=\"https:\/\/scada-soft.test\/wp-content\/uploads\/2023\/02\/Aurora-Borealis-in-Northern-Norway-4.mp4\" width=\"100%\" height=\"100%\" poster=\"https:\/\/scadasoft.com\/wp-content\/uploads\/2023\/10\/company_values.png\" autoplay loop muted><\/video>\n                            \t\t\t\t\t\t\t\t\t\t\t\t\t<\/div>\n\t\t\t\t\t<\/div>\n\t\t\t\t<\/div>\n\t\t\t<\/div>\n\t\t<\/div>\n\t<\/section>\n\t<!--Consult  End-->\n\t\t\t\t<\/div>\n\t\t\t\t<\/div>\n\t\t\t\t<div class=\"elementor-element elementor-element-7de0d6e4 elementor-widget elementor-widget-notech-contact-info\" data-id=\"7de0d6e4\" data-element_type=\"widget\" data-widget_type=\"notech-contact-info.default\">\n\t\t\t\t<div class=\"elementor-widget-container\">\n\t\t\t\t\t    <!--Contact Details Start-->\n    <section class=\"contact-details\">\n        <div class=\"container\">\n            <div class=\"row\">\n                                <div class=\"col-12\">\n                    <div class=\"contact-details__right\">\n                        <div class=\"section-title text-left\">\n                                                            <div class=\"section-title__tagline-box\">\n                                    <span class=\"section-title__tagline\">Nos coordonn\u00e9es<\/span>\n                                                                            <div class=\"section-title-shape\">\n                                            <img decoding=\"async\" src=\"https:\/\/layerdrops.com\/notechwp\/wp-content\/uploads\/2022\/04\/sec-shape-1-1.png\" alt=\"\">\n                                        <\/div>\n                                                                    <\/div>\n                                                                                        <h2 class=\"section-title__title\">Nous contacter\n<\/h2>\n                                                    <\/div>\n                                                    <p class=\"contact-details__text\">SCADA SOFT AG est situ\u00e9e dans le nord de la Suisse et est enregistr\u00e9e sous la r\u00e9f\u00e9rence CHE-112.464.298. <br>\nSCADA SOFT dispose de distributeurs dans la plupart des pays europ\u00e9ens.<\/p>\n                                                                            <ul class=\"list-unstyled contact-details__info ml-0\">\n                                                                    <li>\n                                        <div class=\"icon icon-svg-large\">\n                                            <span aria-hidden=\"true\" class=\"  icon-telephone\"><\/span>                                        <\/div>\n                                        <div class=\"text\">\n                                            <p>Une question ?<\/p>\n                                            <a href=\"tel:0\"><span><\/a>                                        <\/div>\n                                    <\/li>\n                                                                    <li>\n                                        <div class=\"icon icon-svg-large\">\n                                            <span aria-hidden=\"true\" class=\"   icon-email\"><\/span>                                        <\/div>\n                                        <div class=\"text\">\n                                            <p>Nous \u00e9crire ?<\/p>\n                                            <a href=\"mailto:contact@scadasoft.com\">contact@scadasoft.com<\/a>                                        <\/div>\n                                    <\/li>\n                                                                    <li>\n                                        <div class=\"icon icon-svg-large\">\n                                            <span aria-hidden=\"true\" class=\"   icon-pin\"><\/span>                                        <\/div>\n                                        <div class=\"text\">\n                                            <p>Notre adresse ?<\/p>\n                                            SCADA SOFT AG, Schleitheimerstrasse 42, 8222 Beringen - Switzerland<br><span>MHX9+FM Beringen, Suisse<\/span>                                        <\/div>\n                                    <\/li>\n                                                            <\/ul>\n                                            <\/div>\n                <\/div>\n            <\/div>\n        <\/div>\n    <\/section>\n    <!--Contact Details End-->\n\t\t\t\t<\/div>\n\t\t\t\t<\/div>\n\t\t\t\t\t<\/div>\n\t\t<\/div>\n\t\t\t\t\t<\/div>\n\t\t<\/section>\n\t\t\t\t<\/div>\n\t\t","protected":false},"excerpt":{"rendered":"<p>00 ans d&rsquo;exp\u00e9riencedans les applications SCADA Votre partenairede confiance Fabriqu\u00e9 enSuisse avec passion 00 % D\u00e9vou\u00e9 au Service Client Bienvenue che SCADA SOFT AG La premi\u00e8re entrerprise d\u00e9vou\u00e9e au service des professionnels du SCADA SCADA SOFT AG est une entreprise suisse fond\u00e9e par des professionnels travaillant dans l&rsquo;industrie SCADA depuis plus de 30 ans. Nous [&hellip;]<\/p>\n","protected":false},"author":2,"featured_media":0,"parent":0,"menu_order":0,"comment_status":"closed","ping_status":"closed","template":"elementor_header_footer","meta":{"footnotes":""},"class_list":["post-2063","page","type-page","status-publish","hentry"],"_links":{"self":[{"href":"https:\/\/scadasoft.com\/fr\/wp-json\/wp\/v2\/pages\/2063","targetHints":{"allow":["GET"]}}],"collection":[{"href":"https:\/\/scadasoft.com\/fr\/wp-json\/wp\/v2\/pages"}],"about":[{"href":"https:\/\/scadasoft.com\/fr\/wp-json\/wp\/v2\/types\/page"}],"author":[{"embeddable":true,"href":"https:\/\/scadasoft.com\/fr\/wp-json\/wp\/v2\/users\/2"}],"replies":[{"embeddable":true,"href":"https:\/\/scadasoft.com\/fr\/wp-json\/wp\/v2\/comments?post=2063"}],"version-history":[{"count":22,"href":"https:\/\/scadasoft.com\/fr\/wp-json\/wp\/v2\/pages\/2063\/revisions"}],"predecessor-version":[{"id":4590,"href":"https:\/\/scadasoft.com\/fr\/wp-json\/wp\/v2\/pages\/2063\/revisions\/4590"}],"wp:attachment":[{"href":"https:\/\/scadasoft.com\/fr\/wp-json\/wp\/v2\/media?parent=2063"}],"curies":[{"name":"wp","href":"https:\/\/api.w.org\/{rel}","templated":true}]}}